{"id":137,"date":"2022-02-12T10:27:48","date_gmt":"2022-02-12T10:27:48","guid":{"rendered":"https:\/\/bythedots.com\/br\/home"},"modified":"2024-01-09T13:04:31","modified_gmt":"2024-01-09T13:04:31","slug":"home","status":"publish","type":"page","link":"https:\/\/bythedots.com\/br\/","title":{"rendered":"Home"},"content":{"rendered":"\t<div class=\"cnvs-block-section cnvs-block-section-1571120080472 cnvs-block-section-layout-full cnvs-block-section-fullwidth\" >\n\t\t<div class=\"cnvs-block-section-outer\" style=\"\">\n\t\t\t<div class=\"cnvs-block-section-inner\">\n\t\t\t\t\r\n<p>&nbsp;<\/p>\r\n\n<div class=\"cnvs-block-section-content cnvs-block-section-content-1571120082557\" >\n\t<div class=\"cnvs-block-section-content-inner\">\n\t\t\r\n\r\n\t<div class=\"cnvs-block-section cnvs-block-section-1571318436466 cnvs-block-section-layout-with-sidebar cnvs-block-section-sidebar-sticky-top cnvs-block-section-sidebar-position-right\" >\n\t\t<div class=\"cnvs-block-section-outer\" style=\"\">\n\t\t\t<div class=\"cnvs-block-section-inner\">\n\t\t\t\t\r\n\r\n\n<div class=\"cnvs-block-section-content cnvs-block-section-content-1571120149786\" >\n\t<div class=\"cnvs-block-section-content-inner\">\n\t\t\r\n\r\n\n<h5 id=\"\" class=\"cnvs-block-section-heading halignleft\" >\n\t<span class=\"cnvs-section-title\">\n\t\t<span><\/span>\n\t<\/span>\n<\/h5>\n\r\n\r\n\n<div class=\"cs-block-archive-posts cnvs-block-featured-posts-1571120154893\" data-layout=\"grid\">\n\n\t<div class=\"post-archive\" data-archive-data=\"eyJ0eXBlIjoiYWpheF9yZXN0YXBpIiwibm9uY2UiOiI4YTUyZDhiNTc0IiwidXJsIjoiaHR0cHM6XC9cL2J5dGhlZG90cy5jb21cL2JyXC93cC1hZG1pblwvYWRtaW4tYWpheC5waHAiLCJyZXN0X3VybCI6Imh0dHBzOlwvXC9ieXRoZWRvdHMuY29tXC9iclwvd3AtanNvblwvY3Njb1wvdjFcL21vcmUtcG9zdHMiLCJwb3N0c19wZXJfcGFnZSI6NCwicXVlcnlfZGF0YSI6IntcImluZmluaXRlX2xvYWRcIjpmYWxzZSxcInF1ZXJ5X3ZhcnNcIjp7XCJpZ25vcmVfc3RpY2t5X3Bvc3RzXCI6dHJ1ZSxcImlzX3Bvc3RfcXVlcnlcIjp0cnVlLFwib3JkZXJieVwiOlwicmFuZFwiLFwib3JkZXJcIjpcIkRFU0NcIixcInBhZ2VkXCI6MSxcInBvc3RzX3Blcl9wYWdlXCI6NCxcInBvc3RfdHlwZVwiOlwicG9zdFwifSxcImluX3RoZV9sb29wXCI6ZmFsc2UsXCJpc19zaW5nbGVcIjpmYWxzZSxcImlzX3BhZ2VcIjpmYWxzZSxcImlzX2FyY2hpdmVcIjpmYWxzZSxcImlzX2F1dGhvclwiOmZhbHNlLFwiaXNfY2F0ZWdvcnlcIjpmYWxzZSxcImlzX3RhZ1wiOmZhbHNlLFwiaXNfdGF4XCI6ZmFsc2UsXCJpc19ob21lXCI6ZmFsc2UsXCJpc19zaW5ndWxhclwiOmZhbHNlfSIsImF0dHJpYnV0ZXMiOiJ7XCJjYW52YXNDbGFzc05hbWVcIjpcImNudnMtYmxvY2stZmVhdHVyZWQtcG9zdHMtMTU3MTEyMDE1NDg5M1wiLFwiY2FudmFzTG9jYXRpb25cIjpcInNlY3Rpb24tY29udGVudFwiLFwibGF5b3V0XCI6XCJncmlkXCIsXCJxdWVyeVwiOntcInBvc3RzX3R5cGVcIjpcInBvc3RcIixcImNhdGVnb3JpZXNcIjpcIlwiLFwidGFnc1wiOlwiXCIsXCJleGNsdWRlX2NhdGVnb3JpZXNcIjpcIlwiLFwiZXhjbHVkZV90YWdzXCI6XCJcIixcImZvcm1hdHNcIjpcIlwiLFwicG9zdHNcIjpcIlwiLFwib2Zmc2V0XCI6XCJcIixcIm9yZGVyYnlcIjpcInJhbmRcIixcIm9yZGVyXCI6XCJERVNDXCIsXCJ0aW1lX2ZyYW1lXCI6XCJcIixcInRheG9ub215XCI6XCJcIixcInRlcm1zXCI6XCJcIn0sXCJsYXlvdXRfZ3JpZF9hcmNoaXZlU2hvd01ldGFBdXRob3JcIjpmYWxzZSxcImxheW91dF9ncmlkX2FyY2hpdmVTaG93TWV0YURhdGVcIjpmYWxzZSxcImxheW91dF9ncmlkX2FyY2hpdmVTaG93Vmlld1Bvc3RCdXR0b25cIjpmYWxzZSxcImxheW91dF9ncmlkX3Bvc3RzSGlnaGxpZ2h0XCI6XCJub25lXCIsXCJsYXlvdXRfZ3JpZF9wYWdpbmF0aW9uVHlwZUFsdFwiOlwiYWpheFwiLFwibGF5b3V0X2dyaWRfYXJjaGl2ZVBvc3RzQ291bnRcIjo0LFwibGF5b3V0X2dyaWRfdGh1bWJuYWlsT3JpZW50YXRpb25cIjpcImxhbmRzY2FwZVwiLFwiY2FudmFzQmxvY2tOYW1lXCI6XCJjYW52YXNcXFwvcG9zdHNcIixcInF1ZXJ5R3JvdXBcIjpcIlwiLFwiYXZvaWREdXBsaWNhdGVQb3N0c1wiOmZhbHNlLFwibGF5b3V0X2dyaWRfYXJjaGl2ZVNob3dNZXRhQ2F0ZWdvcnlcIjp0cnVlLFwibGF5b3V0X2dyaWRfYXJjaGl2ZVNob3dNZXRhQ29tbWVudHNcIjpmYWxzZSxcImxheW91dF9ncmlkX2FyY2hpdmVNZXRhQ29tcGFjdFwiOmZhbHNlLFwibGF5b3V0X2dyaWRfYXJjaGl2ZVNob3dFeGNlcnB0XCI6dHJ1ZSxcImxheW91dF9ncmlkX2FyY2hpdmVNZXRhRXhjZXJwdExlbmd0aFwiOjIwMCxcImxheW91dF9ncmlkX2FyY2hpdmVTaG93Vmlld1Bvc3RMaW5rXCI6dHJ1ZSxcImxheW91dF9ncmlkX2FyY2hpdmVWaWV3TGFiZWxcIjpcIlwiLFwibGF5b3V0X2dyaWRfY29sdW1uc1wiOjIsXCJsYXlvdXRfZ3JpZF9maXJzdFBvc3RcIjpmYWxzZSxcImxheW91dF9ncmlkX3JlZHVjZU1hcmdpblwiOmZhbHNlLFwibGF5b3V0X2dyaWRfdmlkZW9cIjpmYWxzZSxcImxheW91dF9ncmlkX3dpZGdldHNcIjpmYWxzZSxcImxheW91dF9ncmlkX3R5cG9ncmFwaHlIZWFkaW5nXCI6XCIxLjVyZW1cIixcImNsYXNzTmFtZVwiOlwiY252cy1ibG9jay1wb3N0cyBjbnZzLWJsb2NrLWZlYXR1cmVkLXBvc3RzLTE1NzExMjAxNTQ4OTMgY252cy1ibG9jay1wb3N0cy1sYXlvdXQtZ3JpZFwiLFwicGFnZV9sYXlvdXRcIjpcImxheW91dC1zaWRlYmFyLXJpZ2h0XCIsXCJpc193aWRlXCI6ZmFsc2V9Iiwib3B0aW9ucyI6IntcImFyY2hpdmVTaG93TWV0YUF1dGhvclwiOmZhbHNlLFwiYXJjaGl2ZVNob3dNZXRhRGF0ZVwiOmZhbHNlLFwiYXJjaGl2ZVNob3dWaWV3UG9zdEJ1dHRvblwiOmZhbHNlLFwicG9zdHNIaWdobGlnaHRcIjpcIm5vbmVcIixcInBhZ2luYXRpb25UeXBlQWx0XCI6XCJhamF4XCIsXCJhcmNoaXZlUG9zdHNDb3VudFwiOjQsXCJ0aHVtYm5haWxPcmllbnRhdGlvblwiOlwibGFuZHNjYXBlXCIsXCJhcmNoaXZlU2hvd01ldGFDYXRlZ29yeVwiOnRydWUsXCJhcmNoaXZlU2hvd01ldGFDb21tZW50c1wiOmZhbHNlLFwiYXJjaGl2ZU1ldGFDb21wYWN0XCI6ZmFsc2UsXCJhcmNoaXZlU2hvd0V4Y2VycHRcIjp0cnVlLFwiYXJjaGl2ZU1ldGFFeGNlcnB0TGVuZ3RoXCI6MjAwLFwiYXJjaGl2ZVNob3dWaWV3UG9zdExpbmtcIjp0cnVlLFwiYXJjaGl2ZVZpZXdMYWJlbFwiOlwiXCIsXCJjb2x1bW5zXCI6MixcImZpcnN0UG9zdFwiOmZhbHNlLFwicmVkdWNlTWFyZ2luXCI6ZmFsc2UsXCJ2aWRlb1wiOmZhbHNlLFwid2lkZ2V0c1wiOmZhbHNlLFwidHlwb2dyYXBoeUhlYWRpbmdcIjpcIjEuNXJlbVwifSIsImluZmluaXRlX2xvYWQiOiJmYWxzZSIsInRyYW5zbGF0aW9uIjp7ImxvYWRfbW9yZSI6IkxvYWQgTW9yZSIsImxvYWRpbmciOiJMb2FkaW5nIn19\">\n\t\t<div class=\"archive-main archive-grid columns-2\">\n<article class=\"post-grid post-992 post type-post status-publish format-standard has-post-thumbnail category-news\">\n\n\t<div class=\"post-outer\">\n\n\t\t\n\t\t\t\t\t<div class=\"post-inner\">\n\t\t\t\t<div class=\"post-thumbnail\">\n\t\t\t\t\t\n\t\t\t\t\t<img loading=\"lazy\" decoding=\"async\" width=\"560\" height=\"420\" src=\"https:\/\/bythedots.com\/br\/wp-content\/uploads\/2025\/08\/Digital-Twin-Assistants-560x420.jpg\" class=\"attachment-csco-560-landscape size-csco-560-landscape wp-post-image\" alt=\"\" srcset=\"https:\/\/bythedots.com\/br\/wp-content\/uploads\/2025\/08\/Digital-Twin-Assistants-560x420.jpg 560w, https:\/\/bythedots.com\/br\/wp-content\/uploads\/2025\/08\/Digital-Twin-Assistants-320x240.jpg 320w, https:\/\/bythedots.com\/br\/wp-content\/uploads\/2025\/08\/Digital-Twin-Assistants-300x225.jpg 300w, https:\/\/bythedots.com\/br\/wp-content\/uploads\/2025\/08\/Digital-Twin-Assistants-400x300.jpg 400w, https:\/\/bythedots.com\/br\/wp-content\/uploads\/2025\/08\/Digital-Twin-Assistants-800x600.jpg 800w, https:\/\/bythedots.com\/br\/wp-content\/uploads\/2025\/08\/Digital-Twin-Assistants-120x90.jpg 120w, https:\/\/bythedots.com\/br\/wp-content\/uploads\/2025\/08\/Digital-Twin-Assistants-90x68.jpg 90w\" sizes=\"auto, (max-width: 560px) 100vw, 560px\" \/>\n\t\t\t\t\t\t\t\t\t\t\t<div class=\"post-more\">\n\t\t\t\t\t\t\t<a href=\"https:\/\/bythedots.com\/br\/7-smart-ways-digital-twin-assistants-revolutionize-your-life\/\" class=\"button-link\">\n\t\t\t\t\t\t\t\t<span>View Post<\/span>\n\t\t\t\t\t\t\t<\/a>\n\t\t\t\t\t\t<\/div>\n\t\t\t\t\t\t\n\t\t\t\t\t\n\t\t\t\t\t<a href=\"https:\/\/bythedots.com\/br\/7-smart-ways-digital-twin-assistants-revolutionize-your-life\/\"><\/a>\n\t\t\t\t<\/div>\n\t\t\t<\/div>\n\t\t\n\t\t<div class=\"post-inner\">\n\n\t\t\t\n\t\t\t<header class=\"entry-header\">\n\t\t\t\t<div class=\"meta-category\"><ul class=\"post-categories\">\n\t<li><a href=\"https:\/\/bythedots.com\/br\/category\/news\/\" rel=\"category tag\">Not\u00edcias<\/a><\/li><\/ul><\/div>\n\t\t\t\t<h2 class=\"entry-title\"><a href=\"https:\/\/bythedots.com\/br\/7-smart-ways-digital-twin-assistants-revolutionize-your-life\/\">7 Smart Ways Digital Twin Assistants Revolutionize Your Life<\/a><\/h2>\n\n\t\t\t\t\t\t\t<\/header>\n\n\t\t\t\n\t\t\t\t\t\t\t\t\t\t<div class=\"post-excerpt\">\n\t\t\t\t\t\t\t\tDigital twin assistants serve as virtual counterparts, continuously learning from your routines, preferences, and behaviors. By analyzing patterns and data, these AI-powered assistants&hellip;\t\t\t\t\t\t\t<\/div>\n\t\t\t\t\t\t\t\n\t\t<\/div>\n\n\t\t\n\t<\/div>\n\n<\/article>\n\n<article class=\"post-grid post-544 post type-post status-publish format-standard has-post-thumbnail category-news tag-avon-br tag-compras tag-compras-de-roupas tag-roupas\">\n\n\t<div class=\"post-outer\">\n\n\t\t\n\t\t\t\t\t<div class=\"post-inner\">\n\t\t\t\t<div class=\"post-thumbnail\">\n\t\t\t\t\t\n\t\t\t\t\t<img loading=\"lazy\" decoding=\"async\" width=\"560\" height=\"400\" src=\"https:\/\/bythedots.com\/br\/wp-content\/uploads\/2022\/03\/a06-560x400.jpg\" class=\"attachment-csco-560-landscape size-csco-560-landscape wp-post-image\" alt=\"\" \/>\n\t\t\t\t\t\t\t\t\t\t\t<div class=\"post-more\">\n\t\t\t\t\t\t\t<a href=\"https:\/\/bythedots.com\/br\/sinais-de-que-voce-precisa-ir-as-compras-de-roupas\/\" class=\"button-link\">\n\t\t\t\t\t\t\t\t<span>View Post<\/span>\n\t\t\t\t\t\t\t<\/a>\n\t\t\t\t\t\t<\/div>\n\t\t\t\t\t\t\n\t\t\t\t\t\n\t\t\t\t\t<a href=\"https:\/\/bythedots.com\/br\/sinais-de-que-voce-precisa-ir-as-compras-de-roupas\/\"><\/a>\n\t\t\t\t<\/div>\n\t\t\t<\/div>\n\t\t\n\t\t<div class=\"post-inner\">\n\n\t\t\t\n\t\t\t<header class=\"entry-header\">\n\t\t\t\t<div class=\"meta-category\"><ul class=\"post-categories\">\n\t<li><a href=\"https:\/\/bythedots.com\/br\/category\/news\/\" rel=\"category tag\">Not\u00edcias<\/a><\/li><\/ul><\/div>\n\t\t\t\t<h2 class=\"entry-title\"><a href=\"https:\/\/bythedots.com\/br\/sinais-de-que-voce-precisa-ir-as-compras-de-roupas\/\">Sinais de que voc\u00ea precisa ir \u00e0s compras de roupas<\/a><\/h2>\n\n\t\t\t\t\t\t\t<\/header>\n\n\t\t\t\n\t\t\t\t\t\t\t\t\t\t<div class=\"post-excerpt\">\n\t\t\t\t\t\t\t\t\u201cPreciso fazer compras!\u201d disse toda mulher, sempre. Todos n\u00f3s j\u00e1 dissemos ou ouvimos isso, e todos sabemos que quando se trata de roupas, a palavra &#8216;necessidade&#8217; \u00e9 muito usada.&hellip;\t\t\t\t\t\t\t<\/div>\n\t\t\t\t\t\t\t\n\t\t<\/div>\n\n\t\t\n\t<\/div>\n\n<\/article>\n\n<article class=\"post-grid post-733 post type-post status-publish format-standard has-post-thumbnail category-news tag-farmaciasaojoao\">\n\n\t<div class=\"post-outer\">\n\n\t\t\n\t\t\t\t\t<div class=\"post-inner\">\n\t\t\t\t<div class=\"post-thumbnail\">\n\t\t\t\t\t\n\t\t\t\t\t<img loading=\"lazy\" decoding=\"async\" width=\"560\" height=\"420\" src=\"https:\/\/bythedots.com\/br\/wp-content\/uploads\/2024\/07\/Find-the-Best-Kids-Clothing-for-Summer-560x420.png\" class=\"attachment-csco-560-landscape size-csco-560-landscape wp-post-image\" alt=\"\" srcset=\"https:\/\/bythedots.com\/br\/wp-content\/uploads\/2024\/07\/Find-the-Best-Kids-Clothing-for-Summer-560x420.png 560w, https:\/\/bythedots.com\/br\/wp-content\/uploads\/2024\/07\/Find-the-Best-Kids-Clothing-for-Summer-320x240.png 320w, https:\/\/bythedots.com\/br\/wp-content\/uploads\/2024\/07\/Find-the-Best-Kids-Clothing-for-Summer-300x225.png 300w, https:\/\/bythedots.com\/br\/wp-content\/uploads\/2024\/07\/Find-the-Best-Kids-Clothing-for-Summer-400x300.png 400w, https:\/\/bythedots.com\/br\/wp-content\/uploads\/2024\/07\/Find-the-Best-Kids-Clothing-for-Summer-800x600.png 800w, https:\/\/bythedots.com\/br\/wp-content\/uploads\/2024\/07\/Find-the-Best-Kids-Clothing-for-Summer-120x90.png 120w, https:\/\/bythedots.com\/br\/wp-content\/uploads\/2024\/07\/Find-the-Best-Kids-Clothing-for-Summer-90x68.png 90w\" sizes=\"auto, (max-width: 560px) 100vw, 560px\" \/>\n\t\t\t\t\t\t\t\t\t\t\t<div class=\"post-more\">\n\t\t\t\t\t\t\t<a href=\"https:\/\/bythedots.com\/br\/onde-encontrar-as-melhores-roupas-infantis-para-aventuras-de-verao\/\" class=\"button-link\">\n\t\t\t\t\t\t\t\t<span>View Post<\/span>\n\t\t\t\t\t\t\t<\/a>\n\t\t\t\t\t\t<\/div>\n\t\t\t\t\t\t\n\t\t\t\t\t\n\t\t\t\t\t<a href=\"https:\/\/bythedots.com\/br\/onde-encontrar-as-melhores-roupas-infantis-para-aventuras-de-verao\/\"><\/a>\n\t\t\t\t<\/div>\n\t\t\t<\/div>\n\t\t\n\t\t<div class=\"post-inner\">\n\n\t\t\t\n\t\t\t<header class=\"entry-header\">\n\t\t\t\t<div class=\"meta-category\"><ul class=\"post-categories\">\n\t<li><a href=\"https:\/\/bythedots.com\/br\/category\/news\/\" rel=\"category tag\">Not\u00edcias<\/a><\/li><\/ul><\/div>\n\t\t\t\t<h2 class=\"entry-title\"><a href=\"https:\/\/bythedots.com\/br\/onde-encontrar-as-melhores-roupas-infantis-para-aventuras-de-verao\/\">Onde encontrar as melhores roupas infantis para aventuras de ver\u00e3o<\/a><\/h2>\n\n\t\t\t\t\t\t\t<\/header>\n\n\t\t\t\n\t\t\t\t\t\t\t\t\t\t<div class=\"post-excerpt\">\n\t\t\t\t\t\t\t\tO ver\u00e3o est\u00e1 chegando e isso significa que \u00e9 hora de renovar o guarda-roupa dos nossos pequenos com roupas descoladas, confort\u00e1veis \u200b\u200b\u200b\u200be estilosas que possam acompanhar sua energia infinita.&hellip;\t\t\t\t\t\t\t<\/div>\n\t\t\t\t\t\t\t\n\t\t<\/div>\n\n\t\t\n\t<\/div>\n\n<\/article>\n\n<article class=\"post-grid post-754 post type-post status-publish format-standard has-post-thumbnail category-news tag-riachuelo tag-sport-coat\">\n\n\t<div class=\"post-outer\">\n\n\t\t\n\t\t\t\t\t<div class=\"post-inner\">\n\t\t\t\t<div class=\"post-thumbnail\">\n\t\t\t\t\t\n\t\t\t\t\t<img loading=\"lazy\" decoding=\"async\" width=\"560\" height=\"420\" src=\"https:\/\/bythedots.com\/br\/wp-content\/uploads\/2024\/11\/Wearing-Mens-Sport-Coats-560x420.png\" class=\"attachment-csco-560-landscape size-csco-560-landscape wp-post-image\" alt=\"\" srcset=\"https:\/\/bythedots.com\/br\/wp-content\/uploads\/2024\/11\/Wearing-Mens-Sport-Coats-560x420.png 560w, https:\/\/bythedots.com\/br\/wp-content\/uploads\/2024\/11\/Wearing-Mens-Sport-Coats-320x240.png 320w, https:\/\/bythedots.com\/br\/wp-content\/uploads\/2024\/11\/Wearing-Mens-Sport-Coats-300x225.png 300w, https:\/\/bythedots.com\/br\/wp-content\/uploads\/2024\/11\/Wearing-Mens-Sport-Coats-400x300.png 400w, https:\/\/bythedots.com\/br\/wp-content\/uploads\/2024\/11\/Wearing-Mens-Sport-Coats-800x600.png 800w, https:\/\/bythedots.com\/br\/wp-content\/uploads\/2024\/11\/Wearing-Mens-Sport-Coats-120x90.png 120w, https:\/\/bythedots.com\/br\/wp-content\/uploads\/2024\/11\/Wearing-Mens-Sport-Coats-90x68.png 90w\" sizes=\"auto, (max-width: 560px) 100vw, 560px\" \/>\n\t\t\t\t\t\t\t\t\t\t\t<div class=\"post-more\">\n\t\t\t\t\t\t\t<a href=\"https:\/\/bythedots.com\/br\/o-guia-definitivo-para-usar-casacos-esportivos-masculinos\/\" class=\"button-link\">\n\t\t\t\t\t\t\t\t<span>View Post<\/span>\n\t\t\t\t\t\t\t<\/a>\n\t\t\t\t\t\t<\/div>\n\t\t\t\t\t\t\n\t\t\t\t\t\n\t\t\t\t\t<a href=\"https:\/\/bythedots.com\/br\/o-guia-definitivo-para-usar-casacos-esportivos-masculinos\/\"><\/a>\n\t\t\t\t<\/div>\n\t\t\t<\/div>\n\t\t\n\t\t<div class=\"post-inner\">\n\n\t\t\t\n\t\t\t<header class=\"entry-header\">\n\t\t\t\t<div class=\"meta-category\"><ul class=\"post-categories\">\n\t<li><a href=\"https:\/\/bythedots.com\/br\/category\/news\/\" rel=\"category tag\">Not\u00edcias<\/a><\/li><\/ul><\/div>\n\t\t\t\t<h2 class=\"entry-title\"><a href=\"https:\/\/bythedots.com\/br\/o-guia-definitivo-para-usar-casacos-esportivos-masculinos\/\">O guia definitivo para usar casacos esportivos masculinos<\/a><\/h2>\n\n\t\t\t\t\t\t\t<\/header>\n\n\t\t\t\n\t\t\t\t\t\t\t\t\t\t<div class=\"post-excerpt\">\n\t\t\t\t\t\t\t\tImagine o seguinte: voc\u00ea est\u00e1 indo para um evento que n\u00e3o \u00e9 muito formal, mas definitivamente mais do que casual. Voc\u00ea quer ter uma apar\u00eancia n\u00edtida sem exagerar. A solu\u00e7\u00e3o? Um casaco esporte&hellip;\t\t\t\t\t\t\t<\/div>\n\t\t\t\t\t\t\t\n\t\t<\/div>\n\n\t\t\n\t<\/div>\n\n<\/article>\n<\/div><div class=\"archive-pagination\"><\/div>\t<\/div>\n\n<\/div>\n\t\t<\/div>\n<\/div>\n\r\n\r\n\n<div class=\"cnvs-block-section-sidebar cnvs-block-section-sidebar-1571120149832\" >\n\t<div class=\"cnvs-block-section-sidebar-inner\">\n\t\t\r\n\r\n\r\n<p style=\"text-align: center;\"><a href=\"https:\/\/bythedots.com\/\"><img loading=\"lazy\" decoding=\"async\" class=\"aligncenter wp-image-656 size-full\" title=\"By The Dots: Your Home for Shopping tips, deals, news, fashion, and modern lifestyle is what you need.\" src=\"https:\/\/bythedots.com\/wp-content\/uploads\/2023\/11\/ZZZBYTHEDOTS-LOGO300x250.png\" alt=\"By The Dots: Your Home for Shopping tips, deals, news, fashion, and modern lifestyle is what you need.\" width=\"300\" height=\"250\" \/><\/a><\/p>\r\n\t<\/div>\n<\/div>\n\t\t\t<\/div>\n\t\t<\/div>\n\t<\/div>\n\n\t\r\n\r\n\r\n<p style=\"text-align: center;\">\r\n<p style=\"text-align: center;\">\t<\/div>\n<\/div>\n\t\t\t<\/div>\n\t\t<\/div>\n\t<\/div>","protected":false},"excerpt":{"rendered":"&nbsp;","protected":false},"author":1,"featured_media":0,"parent":0,"menu_order":0,"comment_status":"closed","ping_status":"closed","template":"template-canvas-fullwidth.php","meta":{"footnotes":""},"class_list":["post-137","page","type-page","status-publish"],"_links":{"self":[{"href":"https:\/\/bythedots.com\/br\/wp-json\/wp\/v2\/pages\/137","targetHints":{"allow":["GET"]}}],"collection":[{"href":"https:\/\/bythedots.com\/br\/wp-json\/wp\/v2\/pages"}],"about":[{"href":"https:\/\/bythedots.com\/br\/wp-json\/wp\/v2\/types\/page"}],"author":[{"embeddable":true,"href":"https:\/\/bythedots.com\/br\/wp-json\/wp\/v2\/users\/1"}],"replies":[{"embeddable":true,"href":"https:\/\/bythedots.com\/br\/wp-json\/wp\/v2\/comments?post=137"}],"version-history":[{"count":4,"href":"https:\/\/bythedots.com\/br\/wp-json\/wp\/v2\/pages\/137\/revisions"}],"predecessor-version":[{"id":670,"href":"https:\/\/bythedots.com\/br\/wp-json\/wp\/v2\/pages\/137\/revisions\/670"}],"wp:attachment":[{"href":"https:\/\/bythedots.com\/br\/wp-json\/wp\/v2\/media?parent=137"}],"curies":[{"name":"wp","href":"https:\/\/api.w.org\/{rel}","templated":true}]}}