{"id":21,"date":"2022-02-02T11:03:46","date_gmt":"2022-02-02T11:03:46","guid":{"rendered":"https:\/\/bythedots.com\/br\/sobre-nos"},"modified":"2022-10-23T11:19:17","modified_gmt":"2022-10-23T11:19:17","slug":"sobre-nos","status":"publish","type":"page","link":"https:\/\/bythedots.com\/br\/sobre-nos\/","title":{"rendered":"Sobre N\u00f3s"},"content":{"rendered":"<h2 id=\"dicas-de-compras-ofertas-noticias-moda-e-estilo-de-vida-moderno-e-o-que-voce-precisa\" style=\"text-align: left;\">Dicas de compras, ofertas, not\u00edcias, moda e estilo de vida moderno \u00e9 o que voc\u00ea precisa.<\/h2>\n<p><a href=\"https:\/\/bythedots.com\/br\/\"><em>ByTheDots.com<\/em><\/a> \u00e9 onde as <a href=\"https:\/\/bythedots.com\/br\/\"><em>tend\u00eancias de compras<\/em><\/a> e <a href=\"https:\/\/bythedots.com\/br\/\"><em>estilo de vida<\/em><\/a> se encontram de forma inteligente. Ser atemporal e elegante n\u00e3o \u00e9 caro se voc\u00ea entender o que significa estar na moda usando seu dinheiro suado de maneira inteligente. Fazer compras inteligentes de maneira adequada n\u00e3o apenas economizar\u00e1 dinheiro, mas melhorar\u00e1 muito seu estilo de vida \u00e0 medida que voc\u00ea pesquisa, l\u00ea e compara antes de fazer a compra. Gastar com sabedoria \u00e9 a nova tend\u00eancia em nossos dias modernos.<\/p>\n<p><a href=\"https:\/\/bythedots.com\/br\/\"><strong>By the Dots<\/strong><\/a> compartilha dicas sensatas, o que, quando e onde comprar para maximizar as ofertas que voc\u00ea pode obter. As \u00faltimas tend\u00eancias de estilo de vida e moda de compras s\u00e3o o que estamos prestes a dar \u00e0s pessoas interessadas para aprender e encontrar o que comprar com sabedoria.<\/p>\n<p>Nossos artigos do blog conter\u00e3o dicas e <em><strong>guias de compras<\/strong><\/em>, <em><strong>tend\u00eancias de roupas e acess\u00f3rios de moda<\/strong><\/em>, <em><strong>eletr\u00f4nicos de consumo mais recentes<\/strong><\/em>, <em><strong>dicas de beleza e cuidados pessoais<\/strong><\/em> e muito mais.<\/p>\n","protected":false},"excerpt":{"rendered":"<p>Dicas de compras, ofertas, not\u00edcias, moda e estilo de vida moderno \u00e9 o que voc\u00ea precisa. ByTheDots.com \u00e9 onde as tend\u00eancias de compras e estilo de vida se encontram de&hellip;<\/p>\n","protected":false},"author":1,"featured_media":0,"parent":0,"menu_order":0,"comment_status":"closed","ping_status":"closed","template":"","meta":{"footnotes":""},"class_list":["post-21","page","type-page","status-publish"],"_links":{"self":[{"href":"https:\/\/bythedots.com\/br\/wp-json\/wp\/v2\/pages\/21","targetHints":{"allow":["GET"]}}],"collection":[{"href":"https:\/\/bythedots.com\/br\/wp-json\/wp\/v2\/pages"}],"about":[{"href":"https:\/\/bythedots.com\/br\/wp-json\/wp\/v2\/types\/page"}],"author":[{"embeddable":true,"href":"https:\/\/bythedots.com\/br\/wp-json\/wp\/v2\/users\/1"}],"replies":[{"embeddable":true,"href":"https:\/\/bythedots.com\/br\/wp-json\/wp\/v2\/comments?post=21"}],"version-history":[{"count":8,"href":"https:\/\/bythedots.com\/br\/wp-json\/wp\/v2\/pages\/21\/revisions"}],"predecessor-version":[{"id":596,"href":"https:\/\/bythedots.com\/br\/wp-json\/wp\/v2\/pages\/21\/revisions\/596"}],"wp:attachment":[{"href":"https:\/\/bythedots.com\/br\/wp-json\/wp\/v2\/media?parent=21"}],"curies":[{"name":"wp","href":"https:\/\/api.w.org\/{rel}","templated":true}]}}