{"id":137,"date":"2022-02-12T10:27:48","date_gmt":"2022-02-12T10:27:48","guid":{"rendered":"https:\/\/bythedots.com\/es\/home"},"modified":"2024-01-16T10:55:57","modified_gmt":"2024-01-16T10:55:57","slug":"home","status":"publish","type":"page","link":"https:\/\/bythedots.com\/es\/","title":{"rendered":"Home"},"content":{"rendered":"\t<div class=\"cnvs-block-section cnvs-block-section-1571120080472 cnvs-block-section-layout-full cnvs-block-section-fullwidth\" >\n\t\t<div class=\"cnvs-block-section-outer\" style=\"\">\n\t\t\t<div class=\"cnvs-block-section-inner\">\n\t\t\t\t\r\n<p>&nbsp;<\/p>\r\n\n<div class=\"cnvs-block-section-content cnvs-block-section-content-1571120082557\" >\n\t<div class=\"cnvs-block-section-content-inner\">\n\t\t\r\n\r\n\t<div class=\"cnvs-block-section cnvs-block-section-1571318436466 cnvs-block-section-layout-with-sidebar cnvs-block-section-sidebar-sticky-top cnvs-block-section-sidebar-position-right\" >\n\t\t<div class=\"cnvs-block-section-outer\" style=\"\">\n\t\t\t<div class=\"cnvs-block-section-inner\">\n\t\t\t\t\r\n\r\n\n<div class=\"cnvs-block-section-content cnvs-block-section-content-1571120149786\" >\n\t<div class=\"cnvs-block-section-content-inner\">\n\t\t\r\n\r\n\n<h5 id=\"consejos-de-compra-y-tendencias\" class=\"cnvs-block-section-heading cnvs-block-section-heading-1572265089722 is-style-cnvs-block-section-heading-default halignleft\" >\n\t<span class=\"cnvs-section-title\">\n\t\t<span><h3>CONSEJOS DE COMPRA Y TENDENCIAS<\/h3><\/span>\n\t<\/span>\n<\/h5>\n\r\n\r\n\n<div class=\"cs-block-archive-posts cnvs-block-featured-posts-1571120154893\" data-layout=\"grid\">\n\n\t<div class=\"post-archive\" data-archive-data=\"eyJ0eXBlIjoiYWpheF9yZXN0YXBpIiwibm9uY2UiOiI4YTUyZDhiNTc0IiwidXJsIjoiaHR0cHM6XC9cL2J5dGhlZG90cy5jb21cL2VzXC93cC1hZG1pblwvYWRtaW4tYWpheC5waHAiLCJyZXN0X3VybCI6Imh0dHBzOlwvXC9ieXRoZWRvdHMuY29tXC9lc1wvd3AtanNvblwvY3Njb1wvdjFcL21vcmUtcG9zdHMiLCJwb3N0c19wZXJfcGFnZSI6NCwicXVlcnlfZGF0YSI6IntcImluZmluaXRlX2xvYWRcIjpmYWxzZSxcInF1ZXJ5X3ZhcnNcIjp7XCJpZ25vcmVfc3RpY2t5X3Bvc3RzXCI6dHJ1ZSxcImlzX3Bvc3RfcXVlcnlcIjp0cnVlLFwib3JkZXJieVwiOlwicmFuZFwiLFwib3JkZXJcIjpcIkRFU0NcIixcInBhZ2VkXCI6MSxcInBvc3RzX3Blcl9wYWdlXCI6NCxcInBvc3RfdHlwZVwiOlwicG9zdFwifSxcImluX3RoZV9sb29wXCI6ZmFsc2UsXCJpc19zaW5nbGVcIjpmYWxzZSxcImlzX3BhZ2VcIjpmYWxzZSxcImlzX2FyY2hpdmVcIjpmYWxzZSxcImlzX2F1dGhvclwiOmZhbHNlLFwiaXNfY2F0ZWdvcnlcIjpmYWxzZSxcImlzX3RhZ1wiOmZhbHNlLFwiaXNfdGF4XCI6ZmFsc2UsXCJpc19ob21lXCI6ZmFsc2UsXCJpc19zaW5ndWxhclwiOmZhbHNlfSIsImF0dHJpYnV0ZXMiOiJ7XCJjYW52YXNDbGFzc05hbWVcIjpcImNudnMtYmxvY2stZmVhdHVyZWQtcG9zdHMtMTU3MTEyMDE1NDg5M1wiLFwiY2FudmFzTG9jYXRpb25cIjpcInNlY3Rpb24tY29udGVudFwiLFwibGF5b3V0XCI6XCJncmlkXCIsXCJxdWVyeVwiOntcInBvc3RzX3R5cGVcIjpcInBvc3RcIixcImNhdGVnb3JpZXNcIjpcIlwiLFwidGFnc1wiOlwiXCIsXCJleGNsdWRlX2NhdGVnb3JpZXNcIjpcIlwiLFwiZXhjbHVkZV90YWdzXCI6XCJcIixcImZvcm1hdHNcIjpcIlwiLFwicG9zdHNcIjpcIlwiLFwib2Zmc2V0XCI6XCJcIixcIm9yZGVyYnlcIjpcInJhbmRcIixcIm9yZGVyXCI6XCJERVNDXCIsXCJ0aW1lX2ZyYW1lXCI6XCJcIixcInRheG9ub215XCI6XCJcIixcInRlcm1zXCI6XCJcIn0sXCJsYXlvdXRfZ3JpZF9hcmNoaXZlU2hvd01ldGFBdXRob3JcIjpmYWxzZSxcImxheW91dF9ncmlkX2FyY2hpdmVTaG93TWV0YURhdGVcIjpmYWxzZSxcImxheW91dF9ncmlkX2FyY2hpdmVTaG93Vmlld1Bvc3RCdXR0b25cIjpmYWxzZSxcImxheW91dF9ncmlkX3Bvc3RzSGlnaGxpZ2h0XCI6XCJub25lXCIsXCJsYXlvdXRfZ3JpZF9wYWdpbmF0aW9uVHlwZUFsdFwiOlwiYWpheFwiLFwibGF5b3V0X2dyaWRfYXJjaGl2ZVBvc3RzQ291bnRcIjo0LFwibGF5b3V0X2dyaWRfdGh1bWJuYWlsT3JpZW50YXRpb25cIjpcImxhbmRzY2FwZVwiLFwiY2FudmFzQmxvY2tOYW1lXCI6XCJjYW52YXNcXFwvcG9zdHNcIixcInF1ZXJ5R3JvdXBcIjpcIlwiLFwiYXZvaWREdXBsaWNhdGVQb3N0c1wiOmZhbHNlLFwibGF5b3V0X2dyaWRfYXJjaGl2ZVNob3dNZXRhQ2F0ZWdvcnlcIjp0cnVlLFwibGF5b3V0X2dyaWRfYXJjaGl2ZVNob3dNZXRhQ29tbWVudHNcIjpmYWxzZSxcImxheW91dF9ncmlkX2FyY2hpdmVNZXRhQ29tcGFjdFwiOmZhbHNlLFwibGF5b3V0X2dyaWRfYXJjaGl2ZVNob3dFeGNlcnB0XCI6dHJ1ZSxcImxheW91dF9ncmlkX2FyY2hpdmVNZXRhRXhjZXJwdExlbmd0aFwiOjIwMCxcImxheW91dF9ncmlkX2FyY2hpdmVTaG93Vmlld1Bvc3RMaW5rXCI6dHJ1ZSxcImxheW91dF9ncmlkX2FyY2hpdmVWaWV3TGFiZWxcIjpcIlwiLFwibGF5b3V0X2dyaWRfY29sdW1uc1wiOjIsXCJsYXlvdXRfZ3JpZF9maXJzdFBvc3RcIjpmYWxzZSxcImxheW91dF9ncmlkX3JlZHVjZU1hcmdpblwiOmZhbHNlLFwibGF5b3V0X2dyaWRfdmlkZW9cIjpmYWxzZSxcImxheW91dF9ncmlkX3dpZGdldHNcIjpmYWxzZSxcImxheW91dF9ncmlkX3R5cG9ncmFwaHlIZWFkaW5nXCI6XCIxLjVyZW1cIixcImNsYXNzTmFtZVwiOlwiY252cy1ibG9jay1wb3N0cyBjbnZzLWJsb2NrLWZlYXR1cmVkLXBvc3RzLTE1NzExMjAxNTQ4OTMgY252cy1ibG9jay1wb3N0cy1sYXlvdXQtZ3JpZFwiLFwicGFnZV9sYXlvdXRcIjpcImxheW91dC1zaWRlYmFyLXJpZ2h0XCIsXCJpc193aWRlXCI6ZmFsc2V9Iiwib3B0aW9ucyI6IntcImFyY2hpdmVTaG93TWV0YUF1dGhvclwiOmZhbHNlLFwiYXJjaGl2ZVNob3dNZXRhRGF0ZVwiOmZhbHNlLFwiYXJjaGl2ZVNob3dWaWV3UG9zdEJ1dHRvblwiOmZhbHNlLFwicG9zdHNIaWdobGlnaHRcIjpcIm5vbmVcIixcInBhZ2luYXRpb25UeXBlQWx0XCI6XCJhamF4XCIsXCJhcmNoaXZlUG9zdHNDb3VudFwiOjQsXCJ0aHVtYm5haWxPcmllbnRhdGlvblwiOlwibGFuZHNjYXBlXCIsXCJhcmNoaXZlU2hvd01ldGFDYXRlZ29yeVwiOnRydWUsXCJhcmNoaXZlU2hvd01ldGFDb21tZW50c1wiOmZhbHNlLFwiYXJjaGl2ZU1ldGFDb21wYWN0XCI6ZmFsc2UsXCJhcmNoaXZlU2hvd0V4Y2VycHRcIjp0cnVlLFwiYXJjaGl2ZU1ldGFFeGNlcnB0TGVuZ3RoXCI6MjAwLFwiYXJjaGl2ZVNob3dWaWV3UG9zdExpbmtcIjp0cnVlLFwiYXJjaGl2ZVZpZXdMYWJlbFwiOlwiXCIsXCJjb2x1bW5zXCI6MixcImZpcnN0UG9zdFwiOmZhbHNlLFwicmVkdWNlTWFyZ2luXCI6ZmFsc2UsXCJ2aWRlb1wiOmZhbHNlLFwid2lkZ2V0c1wiOmZhbHNlLFwidHlwb2dyYXBoeUhlYWRpbmdcIjpcIjEuNXJlbVwifSIsImluZmluaXRlX2xvYWQiOiJmYWxzZSIsInRyYW5zbGF0aW9uIjp7ImxvYWRfbW9yZSI6IkxvYWQgTW9yZSIsImxvYWRpbmciOiJMb2FkaW5nIn19\">\n\t\t<div class=\"archive-main archive-grid columns-2\">\n<article class=\"post-grid post-514 post type-post status-publish format-standard has-post-thumbnail category-news tag-decimas tag-padel\">\n\n\t<div class=\"post-outer\">\n\n\t\t\n\t\t\t\t\t<div class=\"post-inner\">\n\t\t\t\t<div class=\"post-thumbnail\">\n\t\t\t\t\t\n\t\t\t\t\t<img loading=\"lazy\" decoding=\"async\" width=\"560\" height=\"420\" src=\"https:\/\/bythedots.com\/es\/wp-content\/uploads\/2024\/05\/How-to-Choose-the-Best-Gear-for-Padel-560x420.png\" class=\"attachment-csco-560-landscape size-csco-560-landscape wp-post-image\" alt=\"\" srcset=\"https:\/\/bythedots.com\/es\/wp-content\/uploads\/2024\/05\/How-to-Choose-the-Best-Gear-for-Padel-560x420.png 560w, https:\/\/bythedots.com\/es\/wp-content\/uploads\/2024\/05\/How-to-Choose-the-Best-Gear-for-Padel-320x240.png 320w, https:\/\/bythedots.com\/es\/wp-content\/uploads\/2024\/05\/How-to-Choose-the-Best-Gear-for-Padel-300x225.png 300w, https:\/\/bythedots.com\/es\/wp-content\/uploads\/2024\/05\/How-to-Choose-the-Best-Gear-for-Padel-400x300.png 400w, https:\/\/bythedots.com\/es\/wp-content\/uploads\/2024\/05\/How-to-Choose-the-Best-Gear-for-Padel-800x600.png 800w, https:\/\/bythedots.com\/es\/wp-content\/uploads\/2024\/05\/How-to-Choose-the-Best-Gear-for-Padel-120x90.png 120w, https:\/\/bythedots.com\/es\/wp-content\/uploads\/2024\/05\/How-to-Choose-the-Best-Gear-for-Padel-90x68.png 90w\" sizes=\"auto, (max-width: 560px) 100vw, 560px\" \/>\n\t\t\t\t\t\t\t\t\t\t\t<div class=\"post-more\">\n\t\t\t\t\t\t\t<a href=\"https:\/\/bythedots.com\/es\/como-elegir-el-mejor-equipamiento-para-padel\/\" class=\"button-link\">\n\t\t\t\t\t\t\t\t<span>View Post<\/span>\n\t\t\t\t\t\t\t<\/a>\n\t\t\t\t\t\t<\/div>\n\t\t\t\t\t\t\n\t\t\t\t\t\n\t\t\t\t\t<a href=\"https:\/\/bythedots.com\/es\/como-elegir-el-mejor-equipamiento-para-padel\/\"><\/a>\n\t\t\t\t<\/div>\n\t\t\t<\/div>\n\t\t\n\t\t<div class=\"post-inner\">\n\n\t\t\t\n\t\t\t<header class=\"entry-header\">\n\t\t\t\t<div class=\"meta-category\"><ul class=\"post-categories\">\n\t<li><a href=\"https:\/\/bythedots.com\/es\/category\/news\/\" rel=\"category tag\">Noticias<\/a><\/li><\/ul><\/div>\n\t\t\t\t<h2 class=\"entry-title\"><a href=\"https:\/\/bythedots.com\/es\/como-elegir-el-mejor-equipamiento-para-padel\/\">Libera tu Juego: C\u00f3mo Elegir el Mejor Equipamiento para P\u00e1del<\/a><\/h2>\n\n\t\t\t\t\t\t\t<\/header>\n\n\t\t\t\n\t\t\t\t\t\t\t\t\t\t<div class=\"post-excerpt\">\n\t\t\t\t\t\t\t\tEl p\u00e1del est\u00e1 arrasando en todo el mundo, cautivando a los aficionados con su combinaci\u00f3n de diversi\u00f3n, intensidad y estrategia. Tanto si eres nuevo en el deporte como si eres un jugador&hellip;\t\t\t\t\t\t\t<\/div>\n\t\t\t\t\t\t\t\n\t\t<\/div>\n\n\t\t\n\t<\/div>\n\n<\/article>\n\n<article class=\"post-grid post-361 post type-post status-publish format-standard has-post-thumbnail category-news\">\n\n\t<div class=\"post-outer\">\n\n\t\t\n\t\t\t\t\t<div class=\"post-inner\">\n\t\t\t\t<div class=\"post-thumbnail\">\n\t\t\t\t\t\n\t\t\t\t\t<img loading=\"lazy\" decoding=\"async\" width=\"560\" height=\"400\" src=\"https:\/\/bythedots.com\/es\/wp-content\/uploads\/2022\/03\/a14-560x400.jpg\" class=\"attachment-csco-560-landscape size-csco-560-landscape wp-post-image\" alt=\"\" \/>\n\t\t\t\t\t\t\t\t\t\t\t<div class=\"post-more\">\n\t\t\t\t\t\t\t<a href=\"https:\/\/bythedots.com\/es\/analisis-de-la-afeitadora-con-cabezal-flotante-wyklaus-7d\/\" class=\"button-link\">\n\t\t\t\t\t\t\t\t<span>View Post<\/span>\n\t\t\t\t\t\t\t<\/a>\n\t\t\t\t\t\t<\/div>\n\t\t\t\t\t\t\n\t\t\t\t\t\n\t\t\t\t\t<a href=\"https:\/\/bythedots.com\/es\/analisis-de-la-afeitadora-con-cabezal-flotante-wyklaus-7d\/\"><\/a>\n\t\t\t\t<\/div>\n\t\t\t<\/div>\n\t\t\n\t\t<div class=\"post-inner\">\n\n\t\t\t\n\t\t\t<header class=\"entry-header\">\n\t\t\t\t<div class=\"meta-category\"><ul class=\"post-categories\">\n\t<li><a href=\"https:\/\/bythedots.com\/es\/category\/news\/\" rel=\"category tag\">Noticias<\/a><\/li><\/ul><\/div>\n\t\t\t\t<h2 class=\"entry-title\"><a href=\"https:\/\/bythedots.com\/es\/analisis-de-la-afeitadora-con-cabezal-flotante-wyklaus-7d\/\">An\u00e1lisis de la afeitadora con cabezal flotante Wyklaus 7D<\/a><\/h2>\n\n\t\t\t\t\t\t\t<\/header>\n\n\t\t\t\n\t\t\t\t\t\t\t\t\t\t<div class=\"post-excerpt\">\n\t\t\t\t\t\t\t\tSi eres un hombre calvo, est\u00e1s en buena compa\u00f1\u00eda. Chicos como Dwayne Johnson, Patrick Stewart y Samuel L Jackson han hecho que una c\u00fapula lisa se vea resbaladiza y elegante. El desaf\u00edo, para&hellip;\t\t\t\t\t\t\t<\/div>\n\t\t\t\t\t\t\t\n\t\t<\/div>\n\n\t\t\n\t<\/div>\n\n<\/article>\n\n<article class=\"post-grid post-453 post type-post status-publish format-standard has-post-thumbnail category-news tag-comprar-ropa tag-pc-componentes\">\n\n\t<div class=\"post-outer\">\n\n\t\t\n\t\t\t\t\t<div class=\"post-inner\">\n\t\t\t\t<div class=\"post-thumbnail\">\n\t\t\t\t\t\n\t\t\t\t\t<img loading=\"lazy\" decoding=\"async\" width=\"560\" height=\"420\" src=\"https:\/\/bythedots.com\/es\/wp-content\/uploads\/2024\/01\/How-Clothing-Shopping-Made-Easy-Today-560x420.png\" class=\"attachment-csco-560-landscape size-csco-560-landscape wp-post-image\" alt=\"\" srcset=\"https:\/\/bythedots.com\/es\/wp-content\/uploads\/2024\/01\/How-Clothing-Shopping-Made-Easy-Today-560x420.png 560w, https:\/\/bythedots.com\/es\/wp-content\/uploads\/2024\/01\/How-Clothing-Shopping-Made-Easy-Today-320x240.png 320w, https:\/\/bythedots.com\/es\/wp-content\/uploads\/2024\/01\/How-Clothing-Shopping-Made-Easy-Today-300x225.png 300w, https:\/\/bythedots.com\/es\/wp-content\/uploads\/2024\/01\/How-Clothing-Shopping-Made-Easy-Today-400x300.png 400w, https:\/\/bythedots.com\/es\/wp-content\/uploads\/2024\/01\/How-Clothing-Shopping-Made-Easy-Today-800x600.png 800w, https:\/\/bythedots.com\/es\/wp-content\/uploads\/2024\/01\/How-Clothing-Shopping-Made-Easy-Today-120x90.png 120w, https:\/\/bythedots.com\/es\/wp-content\/uploads\/2024\/01\/How-Clothing-Shopping-Made-Easy-Today-90x68.png 90w\" sizes=\"auto, (max-width: 560px) 100vw, 560px\" \/>\n\t\t\t\t\t\t\t\t\t\t\t<div class=\"post-more\">\n\t\t\t\t\t\t\t<a href=\"https:\/\/bythedots.com\/es\/como-es-facil-comprar-ropa-hoy-en-dia\/\" class=\"button-link\">\n\t\t\t\t\t\t\t\t<span>View Post<\/span>\n\t\t\t\t\t\t\t<\/a>\n\t\t\t\t\t\t<\/div>\n\t\t\t\t\t\t\n\t\t\t\t\t\n\t\t\t\t\t<a href=\"https:\/\/bythedots.com\/es\/como-es-facil-comprar-ropa-hoy-en-dia\/\"><\/a>\n\t\t\t\t<\/div>\n\t\t\t<\/div>\n\t\t\n\t\t<div class=\"post-inner\">\n\n\t\t\t\n\t\t\t<header class=\"entry-header\">\n\t\t\t\t<div class=\"meta-category\"><ul class=\"post-categories\">\n\t<li><a href=\"https:\/\/bythedots.com\/es\/category\/news\/\" rel=\"category tag\">Noticias<\/a><\/li><\/ul><\/div>\n\t\t\t\t<h2 class=\"entry-title\"><a href=\"https:\/\/bythedots.com\/es\/como-es-facil-comprar-ropa-hoy-en-dia\/\">C\u00f3mo es f\u00e1cil comprar ropa hoy en d\u00eda<\/a><\/h2>\n\n\t\t\t\t\t\t\t<\/header>\n\n\t\t\t\n\t\t\t\t\t\t\t\t\t\t<div class=\"post-excerpt\">\n\t\t\t\t\t\t\t\tComprar ropa es una de las actividades m\u00e1s comunes y divertidas para muchas personas. Sin embargo, tambi\u00e9n puede resultar estresante, consumir mucho tiempo y ser costoso si tienes que visitar&hellip;\t\t\t\t\t\t\t<\/div>\n\t\t\t\t\t\t\t\n\t\t<\/div>\n\n\t\t\n\t<\/div>\n\n<\/article>\n\n<article class=\"post-grid post-511 post type-post status-publish format-standard has-post-thumbnail category-news tag-equipaje-de-mano tag-viajescarrefour\">\n\n\t<div class=\"post-outer\">\n\n\t\t\n\t\t\t\t\t<div class=\"post-inner\">\n\t\t\t\t<div class=\"post-thumbnail\">\n\t\t\t\t\t\n\t\t\t\t\t<img loading=\"lazy\" decoding=\"async\" width=\"560\" height=\"420\" src=\"https:\/\/bythedots.com\/es\/wp-content\/uploads\/2024\/06\/Best-Carry-On-Luggage-for-Women-560x420.png\" class=\"attachment-csco-560-landscape size-csco-560-landscape wp-post-image\" alt=\"\" srcset=\"https:\/\/bythedots.com\/es\/wp-content\/uploads\/2024\/06\/Best-Carry-On-Luggage-for-Women-560x420.png 560w, https:\/\/bythedots.com\/es\/wp-content\/uploads\/2024\/06\/Best-Carry-On-Luggage-for-Women-320x240.png 320w, https:\/\/bythedots.com\/es\/wp-content\/uploads\/2024\/06\/Best-Carry-On-Luggage-for-Women-300x225.png 300w, https:\/\/bythedots.com\/es\/wp-content\/uploads\/2024\/06\/Best-Carry-On-Luggage-for-Women-400x300.png 400w, https:\/\/bythedots.com\/es\/wp-content\/uploads\/2024\/06\/Best-Carry-On-Luggage-for-Women-800x600.png 800w, https:\/\/bythedots.com\/es\/wp-content\/uploads\/2024\/06\/Best-Carry-On-Luggage-for-Women-120x90.png 120w, https:\/\/bythedots.com\/es\/wp-content\/uploads\/2024\/06\/Best-Carry-On-Luggage-for-Women-90x68.png 90w\" sizes=\"auto, (max-width: 560px) 100vw, 560px\" \/>\n\t\t\t\t\t\t\t\t\t\t\t<div class=\"post-more\">\n\t\t\t\t\t\t\t<a href=\"https:\/\/bythedots.com\/es\/el-mejor-equipaje-de-mano-para-mujeres\/\" class=\"button-link\">\n\t\t\t\t\t\t\t\t<span>View Post<\/span>\n\t\t\t\t\t\t\t<\/a>\n\t\t\t\t\t\t<\/div>\n\t\t\t\t\t\t\n\t\t\t\t\t\n\t\t\t\t\t<a href=\"https:\/\/bythedots.com\/es\/el-mejor-equipaje-de-mano-para-mujeres\/\"><\/a>\n\t\t\t\t<\/div>\n\t\t\t<\/div>\n\t\t\n\t\t<div class=\"post-inner\">\n\n\t\t\t\n\t\t\t<header class=\"entry-header\">\n\t\t\t\t<div class=\"meta-category\"><ul class=\"post-categories\">\n\t<li><a href=\"https:\/\/bythedots.com\/es\/category\/news\/\" rel=\"category tag\">Noticias<\/a><\/li><\/ul><\/div>\n\t\t\t\t<h2 class=\"entry-title\"><a href=\"https:\/\/bythedots.com\/es\/el-mejor-equipaje-de-mano-para-mujeres\/\">El mejor equipaje de mano para mujeres que aman viajar<\/a><\/h2>\n\n\t\t\t\t\t\t\t<\/header>\n\n\t\t\t\n\t\t\t\t\t\t\t\t\t\t<div class=\"post-excerpt\">\n\t\t\t\t\t\t\t\tViajar ligera y con estilo es esencial para la mujer moderna. Ya sea que est\u00e9s viajando por todo el mundo por negocios o disfrutando de unas vacaciones emocionantes, el equipaje de mano&hellip;\t\t\t\t\t\t\t<\/div>\n\t\t\t\t\t\t\t\n\t\t<\/div>\n\n\t\t\n\t<\/div>\n\n<\/article>\n<\/div><div class=\"archive-pagination\"><\/div>\t<\/div>\n\n<\/div>\n\t\t<\/div>\n<\/div>\n\r\n\r\n\n<div class=\"cnvs-block-section-sidebar cnvs-block-section-sidebar-1571120149832\" >\n\t<div class=\"cnvs-block-section-sidebar-inner\">\n\t\t\r\n\r\n\r\n<p style=\"padding: 3px;\"><a href=\"https:\/\/bythedots.com\/\"><img loading=\"lazy\" decoding=\"async\" class=\"aligncenter wp-image-656 size-full\" title=\"By The Dots: Your Home for Shopping tips, deals, news, fashion, and modern lifestyle is what you need.\" src=\"https:\/\/bythedots.com\/wp-content\/uploads\/2023\/11\/ZZZBYTHEDOTS-LOGO300x250.png\" alt=\"By The Dots: Your Home for Shopping tips, deals, news, fashion, and modern lifestyle is what you need.\" width=\"300\" height=\"250\" \/><\/a> <br \/><a href=\"https:\/\/www.awin1.com\/cread.php?s=3351383&amp;v=20982&amp;q=399233&amp;r=1520447\" target=\"_blank\" rel=\"noopener\"><img loading=\"lazy\" decoding=\"async\" class=\"aligncenter\" src=\"https:\/\/bythedots.com\/es\/wp-content\/uploads\/2024\/01\/PC-Componentes-ES-JAN-B-300x250-1.png\" alt=\"\" width=\"300\" height=\"250\" \/><\/a><\/p>\r\n\t<\/div>\n<\/div>\n\t\t\t<\/div>\n\t\t<\/div>\n\t<\/div>\n\n\t\r\n\r\n\r\n<p style=\"text-align: center;\">\u00a0<\/p>\r\n<p style=\"text-align: center;\">\t<\/div>\n<\/div>\n\t\t\t<\/div>\n\t\t<\/div>\n\t<\/div>","protected":false},"excerpt":{"rendered":"&nbsp; \u00a0","protected":false},"author":1,"featured_media":0,"parent":0,"menu_order":0,"comment_status":"closed","ping_status":"closed","template":"template-canvas-fullwidth.php","meta":{"footnotes":""},"class_list":["post-137","page","type-page","status-publish"],"_links":{"self":[{"href":"https:\/\/bythedots.com\/es\/wp-json\/wp\/v2\/pages\/137","targetHints":{"allow":["GET"]}}],"collection":[{"href":"https:\/\/bythedots.com\/es\/wp-json\/wp\/v2\/pages"}],"about":[{"href":"https:\/\/bythedots.com\/es\/wp-json\/wp\/v2\/types\/page"}],"author":[{"embeddable":true,"href":"https:\/\/bythedots.com\/es\/wp-json\/wp\/v2\/users\/1"}],"replies":[{"embeddable":true,"href":"https:\/\/bythedots.com\/es\/wp-json\/wp\/v2\/comments?post=137"}],"version-history":[{"count":16,"href":"https:\/\/bythedots.com\/es\/wp-json\/wp\/v2\/pages\/137\/revisions"}],"predecessor-version":[{"id":474,"href":"https:\/\/bythedots.com\/es\/wp-json\/wp\/v2\/pages\/137\/revisions\/474"}],"wp:attachment":[{"href":"https:\/\/bythedots.com\/es\/wp-json\/wp\/v2\/media?parent=137"}],"curies":[{"name":"wp","href":"https:\/\/api.w.org\/{rel}","templated":true}]}}