{"id":21,"date":"2022-02-02T11:03:46","date_gmt":"2022-02-02T11:03:46","guid":{"rendered":"https:\/\/bythedots.com\/es\/sobre-nosotros"},"modified":"2022-10-23T13:35:45","modified_gmt":"2022-10-23T13:35:45","slug":"sobre-nosotros","status":"publish","type":"page","link":"https:\/\/bythedots.com\/es\/sobre-nosotros\/","title":{"rendered":"Sobre Nosotros"},"content":{"rendered":"<h3 id=\"consejos-de-compras-ofertas-noticias-moda-y-estilo-de-vida-moderno-es-lo-que-necesita\" style=\"text-align: left;\">Consejos de compras, ofertas, noticias, moda y estilo de vida moderno es lo que necesita.<\/h3>\n<p><a href=\"https:\/\/bythedots.com\/es\/\"><em>ByTheDots.com<\/em><\/a> es donde las tendencias de compras y estilo de vida se encuentran de manera inteligente. Ser atemporal y elegante no es caro si entiendes lo que <a href=\"https:\/\/bythedots.com\/es\/\"><em>significa estar a la moda usando<\/em><\/a> el <a href=\"https:\/\/bythedots.com\/es\/\"><em>dinero que tanto te cost\u00f3 ganar de<\/em><\/a> manera inteligente. Las compras inteligentes de una manera adecuada no <a href=\"https:\/\/bythedots.com\/es\/\"><em>solo le ahorrar\u00e1n dinero<\/em><\/a>, sino que tambi\u00e9n mejorar\u00e1n en gran medida su estilo de vida a medida que investiga, lee y compara primero antes de realizar la compra. Gastar sabiamente es la nueva tendencia en nuestros d\u00edas modernos.<\/p>\n<p><a href=\"https:\/\/bythedots.com\/es\/\"><strong>By the Dots<\/strong><\/a> comparte consejos sensatos, qu\u00e9, cu\u00e1ndo y d\u00f3nde comprar para maximizar las ofertas que puede obtener. Las \u00faltimas tendencias de compras, estilo de vida y moda son lo que buscamos para brindarles a las personas interesadas informaci\u00f3n sobre c\u00f3mo aprender y encontrar qu\u00e9 comprar de manera inteligente.<\/p>\n<p>Los art\u00edculos de nuestro blog contendr\u00e1n consejos y gu\u00edas de compras, tendencias de ropa y accesorios de moda, los \u00faltimos productos electr\u00f3nicos de consumo, consejos de belleza y cuidado personal y m\u00e1s.<\/p>\n","protected":false},"excerpt":{"rendered":"<p>Consejos de compras, ofertas, noticias, moda y estilo de vida moderno es lo que necesita. ByTheDots.com es donde las tendencias de compras y estilo de vida se encuentran de manera&hellip;<\/p>\n","protected":false},"author":1,"featured_media":0,"parent":0,"menu_order":0,"comment_status":"closed","ping_status":"closed","template":"","meta":{"footnotes":""},"class_list":["post-21","page","type-page","status-publish"],"_links":{"self":[{"href":"https:\/\/bythedots.com\/es\/wp-json\/wp\/v2\/pages\/21","targetHints":{"allow":["GET"]}}],"collection":[{"href":"https:\/\/bythedots.com\/es\/wp-json\/wp\/v2\/pages"}],"about":[{"href":"https:\/\/bythedots.com\/es\/wp-json\/wp\/v2\/types\/page"}],"author":[{"embeddable":true,"href":"https:\/\/bythedots.com\/es\/wp-json\/wp\/v2\/users\/1"}],"replies":[{"embeddable":true,"href":"https:\/\/bythedots.com\/es\/wp-json\/wp\/v2\/comments?post=21"}],"version-history":[{"count":5,"href":"https:\/\/bythedots.com\/es\/wp-json\/wp\/v2\/pages\/21\/revisions"}],"predecessor-version":[{"id":427,"href":"https:\/\/bythedots.com\/es\/wp-json\/wp\/v2\/pages\/21\/revisions\/427"}],"wp:attachment":[{"href":"https:\/\/bythedots.com\/es\/wp-json\/wp\/v2\/media?parent=21"}],"curies":[{"name":"wp","href":"https:\/\/api.w.org\/{rel}","templated":true}]}}