{"id":137,"date":"2022-02-12T10:27:48","date_gmt":"2022-02-12T10:27:48","guid":{"rendered":"https:\/\/bythedots.com\/fr\/home"},"modified":"2024-01-16T07:09:18","modified_gmt":"2024-01-16T07:09:18","slug":"home","status":"publish","type":"page","link":"https:\/\/bythedots.com\/fr\/","title":{"rendered":"Home"},"content":{"rendered":"\t<div class=\"cnvs-block-section cnvs-block-section-1571120080472 cnvs-block-section-layout-full cnvs-block-section-fullwidth\" >\n\t\t<div class=\"cnvs-block-section-outer\" style=\"\">\n\t\t\t<div class=\"cnvs-block-section-inner\">\n\t\t\t\t\r\n<p>&nbsp;<\/p>\r\n\n<div class=\"cnvs-block-section-content cnvs-block-section-content-1571120082557\" >\n\t<div class=\"cnvs-block-section-content-inner\">\n\t\t\r\n\r\n\t<div class=\"cnvs-block-section cnvs-block-section-1571318436466 cnvs-block-section-layout-with-sidebar cnvs-block-section-sidebar-sticky-top cnvs-block-section-sidebar-position-right\" >\n\t\t<div class=\"cnvs-block-section-outer\" style=\"\">\n\t\t\t<div class=\"cnvs-block-section-inner\">\n\t\t\t\t\r\n\r\n\n<div class=\"cnvs-block-section-content cnvs-block-section-content-1571120149786\" >\n\t<div class=\"cnvs-block-section-content-inner\">\n\t\t\r\n\r\n\n<h5 class=\"cnvs-block-section-heading cnvs-block-section-heading-1572265089722 is-style-cnvs-block-section-heading-default halignleft\" >\n\t<span class=\"cnvs-section-title\">\n\t\t<span><h3>CONSEILS SHOPPING ET TENDANCES<\/h3><\/span>\n\t<\/span>\n<\/h5>\n\r\n\r\n\n<div class=\"cs-block-archive-posts cnvs-block-featured-posts-1571120154893\" data-layout=\"grid\">\n\n\t<div class=\"post-archive\" data-archive-data=\"eyJ0eXBlIjoiYWpheF9yZXN0YXBpIiwibm9uY2UiOiIxNjU1YjY4NThkIiwidXJsIjoiaHR0cHM6XC9cL2J5dGhlZG90cy5jb21cL2ZyXC93cC1hZG1pblwvYWRtaW4tYWpheC5waHAiLCJyZXN0X3VybCI6Imh0dHBzOlwvXC9ieXRoZWRvdHMuY29tXC9mclwvd3AtanNvblwvY3Njb1wvdjFcL21vcmUtcG9zdHMiLCJwb3N0c19wZXJfcGFnZSI6NCwicXVlcnlfZGF0YSI6IntcImluZmluaXRlX2xvYWRcIjpmYWxzZSxcInF1ZXJ5X3ZhcnNcIjp7XCJpZ25vcmVfc3RpY2t5X3Bvc3RzXCI6dHJ1ZSxcImlzX3Bvc3RfcXVlcnlcIjp0cnVlLFwib3JkZXJieVwiOlwicmFuZFwiLFwib3JkZXJcIjpcIkRFU0NcIixcInBhZ2VkXCI6MSxcInBvc3RzX3Blcl9wYWdlXCI6NCxcInBvc3RfdHlwZVwiOlwicG9zdFwifSxcImluX3RoZV9sb29wXCI6ZmFsc2UsXCJpc19zaW5nbGVcIjpmYWxzZSxcImlzX3BhZ2VcIjpmYWxzZSxcImlzX2FyY2hpdmVcIjpmYWxzZSxcImlzX2F1dGhvclwiOmZhbHNlLFwiaXNfY2F0ZWdvcnlcIjpmYWxzZSxcImlzX3RhZ1wiOmZhbHNlLFwiaXNfdGF4XCI6ZmFsc2UsXCJpc19ob21lXCI6ZmFsc2UsXCJpc19zaW5ndWxhclwiOmZhbHNlfSIsImF0dHJpYnV0ZXMiOiJ7XCJjYW52YXNDbGFzc05hbWVcIjpcImNudnMtYmxvY2stZmVhdHVyZWQtcG9zdHMtMTU3MTEyMDE1NDg5M1wiLFwiY2FudmFzTG9jYXRpb25cIjpcInNlY3Rpb24tY29udGVudFwiLFwibGF5b3V0XCI6XCJncmlkXCIsXCJxdWVyeVwiOntcInBvc3RzX3R5cGVcIjpcInBvc3RcIixcImNhdGVnb3JpZXNcIjpcIlwiLFwidGFnc1wiOlwiXCIsXCJleGNsdWRlX2NhdGVnb3JpZXNcIjpcIlwiLFwiZXhjbHVkZV90YWdzXCI6XCJcIixcImZvcm1hdHNcIjpcIlwiLFwicG9zdHNcIjpcIlwiLFwib2Zmc2V0XCI6XCJcIixcIm9yZGVyYnlcIjpcInJhbmRcIixcIm9yZGVyXCI6XCJERVNDXCIsXCJ0aW1lX2ZyYW1lXCI6XCJcIixcInRheG9ub215XCI6XCJcIixcInRlcm1zXCI6XCJcIn0sXCJsYXlvdXRfZ3JpZF9hcmNoaXZlU2hvd01ldGFBdXRob3JcIjpmYWxzZSxcImxheW91dF9ncmlkX2FyY2hpdmVTaG93TWV0YURhdGVcIjpmYWxzZSxcImxheW91dF9ncmlkX2FyY2hpdmVTaG93Vmlld1Bvc3RCdXR0b25cIjpmYWxzZSxcImxheW91dF9ncmlkX3Bvc3RzSGlnaGxpZ2h0XCI6XCJub25lXCIsXCJsYXlvdXRfZ3JpZF9wYWdpbmF0aW9uVHlwZUFsdFwiOlwiYWpheFwiLFwibGF5b3V0X2dyaWRfYXJjaGl2ZVBvc3RzQ291bnRcIjo0LFwibGF5b3V0X2dyaWRfdGh1bWJuYWlsT3JpZW50YXRpb25cIjpcImxhbmRzY2FwZVwiLFwiY2FudmFzQmxvY2tOYW1lXCI6XCJjYW52YXNcXFwvcG9zdHNcIixcInF1ZXJ5R3JvdXBcIjpcIlwiLFwiYXZvaWREdXBsaWNhdGVQb3N0c1wiOmZhbHNlLFwibGF5b3V0X2dyaWRfYXJjaGl2ZVNob3dNZXRhQ2F0ZWdvcnlcIjp0cnVlLFwibGF5b3V0X2dyaWRfYXJjaGl2ZVNob3dNZXRhQ29tbWVudHNcIjpmYWxzZSxcImxheW91dF9ncmlkX2FyY2hpdmVNZXRhQ29tcGFjdFwiOmZhbHNlLFwibGF5b3V0X2dyaWRfYXJjaGl2ZVNob3dFeGNlcnB0XCI6dHJ1ZSxcImxheW91dF9ncmlkX2FyY2hpdmVNZXRhRXhjZXJwdExlbmd0aFwiOjIwMCxcImxheW91dF9ncmlkX2FyY2hpdmVTaG93Vmlld1Bvc3RMaW5rXCI6dHJ1ZSxcImxheW91dF9ncmlkX2FyY2hpdmVWaWV3TGFiZWxcIjpcIlwiLFwibGF5b3V0X2dyaWRfY29sdW1uc1wiOjIsXCJsYXlvdXRfZ3JpZF9maXJzdFBvc3RcIjpmYWxzZSxcImxheW91dF9ncmlkX3JlZHVjZU1hcmdpblwiOmZhbHNlLFwibGF5b3V0X2dyaWRfdmlkZW9cIjpmYWxzZSxcImxheW91dF9ncmlkX3dpZGdldHNcIjpmYWxzZSxcImxheW91dF9ncmlkX3R5cG9ncmFwaHlIZWFkaW5nXCI6XCIxLjVyZW1cIixcImNsYXNzTmFtZVwiOlwiY252cy1ibG9jay1wb3N0cyBjbnZzLWJsb2NrLWZlYXR1cmVkLXBvc3RzLTE1NzExMjAxNTQ4OTMgY252cy1ibG9jay1wb3N0cy1sYXlvdXQtZ3JpZFwiLFwicGFnZV9sYXlvdXRcIjpcImxheW91dC1zaWRlYmFyLXJpZ2h0XCIsXCJpc193aWRlXCI6ZmFsc2V9Iiwib3B0aW9ucyI6IntcImFyY2hpdmVTaG93TWV0YUF1dGhvclwiOmZhbHNlLFwiYXJjaGl2ZVNob3dNZXRhRGF0ZVwiOmZhbHNlLFwiYXJjaGl2ZVNob3dWaWV3UG9zdEJ1dHRvblwiOmZhbHNlLFwicG9zdHNIaWdobGlnaHRcIjpcIm5vbmVcIixcInBhZ2luYXRpb25UeXBlQWx0XCI6XCJhamF4XCIsXCJhcmNoaXZlUG9zdHNDb3VudFwiOjQsXCJ0aHVtYm5haWxPcmllbnRhdGlvblwiOlwibGFuZHNjYXBlXCIsXCJhcmNoaXZlU2hvd01ldGFDYXRlZ29yeVwiOnRydWUsXCJhcmNoaXZlU2hvd01ldGFDb21tZW50c1wiOmZhbHNlLFwiYXJjaGl2ZU1ldGFDb21wYWN0XCI6ZmFsc2UsXCJhcmNoaXZlU2hvd0V4Y2VycHRcIjp0cnVlLFwiYXJjaGl2ZU1ldGFFeGNlcnB0TGVuZ3RoXCI6MjAwLFwiYXJjaGl2ZVNob3dWaWV3UG9zdExpbmtcIjp0cnVlLFwiYXJjaGl2ZVZpZXdMYWJlbFwiOlwiXCIsXCJjb2x1bW5zXCI6MixcImZpcnN0UG9zdFwiOmZhbHNlLFwicmVkdWNlTWFyZ2luXCI6ZmFsc2UsXCJ2aWRlb1wiOmZhbHNlLFwid2lkZ2V0c1wiOmZhbHNlLFwidHlwb2dyYXBoeUhlYWRpbmdcIjpcIjEuNXJlbVwifSIsImluZmluaXRlX2xvYWQiOiJmYWxzZSIsInRyYW5zbGF0aW9uIjp7ImxvYWRfbW9yZSI6IkxvYWQgTW9yZSIsImxvYWRpbmciOiJMb2FkaW5nIn19\">\n\t\t<div class=\"archive-main archive-grid columns-2\">\n<article class=\"post-grid post-371 post type-post status-publish format-standard has-post-thumbnail category-news tag-achator-fr tag-teint-de-peau-noire\">\n\n\t<div class=\"post-outer\">\n\n\t\t\n\t\t\t\t\t<div class=\"post-inner\">\n\t\t\t\t<div class=\"post-thumbnail\">\n\t\t\t\t\t\n\t\t\t\t\t<img loading=\"lazy\" decoding=\"async\" width=\"560\" height=\"400\" src=\"https:\/\/bythedots.com\/fr\/wp-content\/uploads\/2022\/03\/a18-560x400.jpg\" class=\"attachment-csco-560-landscape size-csco-560-landscape wp-post-image\" alt=\"\" \/>\n\t\t\t\t\t\t\t\t\t\t\t<div class=\"post-more\">\n\t\t\t\t\t\t\t<a href=\"https:\/\/bythedots.com\/fr\/produits-pour-uniformiser-le-teint-de-la-peau-noire\/\" class=\"button-link\">\n\t\t\t\t\t\t\t\t<span>View Post<\/span>\n\t\t\t\t\t\t\t<\/a>\n\t\t\t\t\t\t<\/div>\n\t\t\t\t\t\t\n\t\t\t\t\t\n\t\t\t\t\t<a href=\"https:\/\/bythedots.com\/fr\/produits-pour-uniformiser-le-teint-de-la-peau-noire\/\"><\/a>\n\t\t\t\t<\/div>\n\t\t\t<\/div>\n\t\t\n\t\t<div class=\"post-inner\">\n\n\t\t\t\n\t\t\t<header class=\"entry-header\">\n\t\t\t\t<div class=\"meta-category\"><ul class=\"post-categories\">\n\t<li><a href=\"https:\/\/bythedots.com\/fr\/category\/news\/\" rel=\"category tag\">Nouvelles<\/a><\/li><\/ul><\/div>\n\t\t\t\t<h2 class=\"entry-title\"><a href=\"https:\/\/bythedots.com\/fr\/produits-pour-uniformiser-le-teint-de-la-peau-noire\/\">Produits pour uniformiser le teint de la peau noire<\/a><\/h2>\n\n\t\t\t\t\t\t\t<\/header>\n\n\t\t\t\n\t\t\t\t\t\t\t\t\t\t<div class=\"post-excerpt\">\n\t\t\t\t\t\t\t\tSi vous \u00eates une femme de couleur souffrant de taches brunes et d&#8217;hyperpigmentation, il existe de nombreux produits de soins de la peau con\u00e7us pour uniformiser votre teint, vous&hellip;\t\t\t\t\t\t\t<\/div>\n\t\t\t\t\t\t\t\n\t\t<\/div>\n\n\t\t\n\t<\/div>\n\n<\/article>\n\n<article class=\"post-grid post-703 post type-post status-publish format-standard has-post-thumbnail category-news tag-puzzlefr tag-retinol\">\n\n\t<div class=\"post-outer\">\n\n\t\t\n\t\t\t\t\t<div class=\"post-inner\">\n\t\t\t\t<div class=\"post-thumbnail\">\n\t\t\t\t\t\n\t\t\t\t\t<img loading=\"lazy\" decoding=\"async\" width=\"560\" height=\"420\" src=\"https:\/\/bythedots.com\/fr\/wp-content\/uploads\/2025\/03\/Best-Retinols-for-Men-560x420.png\" class=\"attachment-csco-560-landscape size-csco-560-landscape wp-post-image\" alt=\"\" srcset=\"https:\/\/bythedots.com\/fr\/wp-content\/uploads\/2025\/03\/Best-Retinols-for-Men-560x420.png 560w, https:\/\/bythedots.com\/fr\/wp-content\/uploads\/2025\/03\/Best-Retinols-for-Men-320x240.png 320w, https:\/\/bythedots.com\/fr\/wp-content\/uploads\/2025\/03\/Best-Retinols-for-Men-300x225.png 300w, https:\/\/bythedots.com\/fr\/wp-content\/uploads\/2025\/03\/Best-Retinols-for-Men-400x300.png 400w, https:\/\/bythedots.com\/fr\/wp-content\/uploads\/2025\/03\/Best-Retinols-for-Men-800x600.png 800w, https:\/\/bythedots.com\/fr\/wp-content\/uploads\/2025\/03\/Best-Retinols-for-Men-120x90.png 120w, https:\/\/bythedots.com\/fr\/wp-content\/uploads\/2025\/03\/Best-Retinols-for-Men-90x68.png 90w\" sizes=\"auto, (max-width: 560px) 100vw, 560px\" \/>\n\t\t\t\t\t\t\t\t\t\t\t<div class=\"post-more\">\n\t\t\t\t\t\t\t<a href=\"https:\/\/bythedots.com\/fr\/meilleurs-retinols-pour-hommes\/\" class=\"button-link\">\n\t\t\t\t\t\t\t\t<span>View Post<\/span>\n\t\t\t\t\t\t\t<\/a>\n\t\t\t\t\t\t<\/div>\n\t\t\t\t\t\t\n\t\t\t\t\t\n\t\t\t\t\t<a href=\"https:\/\/bythedots.com\/fr\/meilleurs-retinols-pour-hommes\/\"><\/a>\n\t\t\t\t<\/div>\n\t\t\t<\/div>\n\t\t\n\t\t<div class=\"post-inner\">\n\n\t\t\t\n\t\t\t<header class=\"entry-header\">\n\t\t\t\t<div class=\"meta-category\"><ul class=\"post-categories\">\n\t<li><a href=\"https:\/\/bythedots.com\/fr\/category\/news\/\" rel=\"category tag\">Nouvelles<\/a><\/li><\/ul><\/div>\n\t\t\t\t<h2 class=\"entry-title\"><a href=\"https:\/\/bythedots.com\/fr\/meilleurs-retinols-pour-hommes\/\">Meilleurs R\u00e9tinols pour Hommes \u00e0 Acheter en 2025 pour Une Peau Jeune<\/a><\/h2>\n\n\t\t\t\t\t\t\t<\/header>\n\n\t\t\t\n\t\t\t\t\t\t\t\t\t\t<div class=\"post-excerpt\">\n\t\t\t\t\t\t\t\tLes soins de la peau pour hommes ont \u00e9volu\u00e9, bien au-del\u00e0 du simple lavage du visage avec n&#8217;importe quel savon. En 2025, la demande de soins efficaces et performants est \u00e0 son comble, et&hellip;\t\t\t\t\t\t\t<\/div>\n\t\t\t\t\t\t\t\n\t\t<\/div>\n\n\t\t\n\t<\/div>\n\n<\/article>\n\n<article class=\"post-grid post-602 post type-post status-publish format-standard has-post-thumbnail category-news tag-kaspersky tag-nettoyage-par-ultrasons tag-ultrasonic-cleaning\">\n\n\t<div class=\"post-outer\">\n\n\t\t\n\t\t\t\t\t<div class=\"post-inner\">\n\t\t\t\t<div class=\"post-thumbnail\">\n\t\t\t\t\t\n\t\t\t\t\t<img loading=\"lazy\" decoding=\"async\" width=\"560\" height=\"420\" src=\"https:\/\/bythedots.com\/fr\/wp-content\/uploads\/2025\/01\/Ultrasonic-Cleaner-560x420.jpg\" class=\"attachment-csco-560-landscape size-csco-560-landscape wp-post-image\" alt=\"\" srcset=\"https:\/\/bythedots.com\/fr\/wp-content\/uploads\/2025\/01\/Ultrasonic-Cleaner-560x420.jpg 560w, https:\/\/bythedots.com\/fr\/wp-content\/uploads\/2025\/01\/Ultrasonic-Cleaner-320x240.jpg 320w, https:\/\/bythedots.com\/fr\/wp-content\/uploads\/2025\/01\/Ultrasonic-Cleaner-300x225.jpg 300w, https:\/\/bythedots.com\/fr\/wp-content\/uploads\/2025\/01\/Ultrasonic-Cleaner-400x300.jpg 400w, https:\/\/bythedots.com\/fr\/wp-content\/uploads\/2025\/01\/Ultrasonic-Cleaner-800x600.jpg 800w, https:\/\/bythedots.com\/fr\/wp-content\/uploads\/2025\/01\/Ultrasonic-Cleaner-120x90.jpg 120w, https:\/\/bythedots.com\/fr\/wp-content\/uploads\/2025\/01\/Ultrasonic-Cleaner-90x68.jpg 90w\" sizes=\"auto, (max-width: 560px) 100vw, 560px\" \/>\n\t\t\t\t\t\t\t\t\t\t\t<div class=\"post-more\">\n\t\t\t\t\t\t\t<a href=\"https:\/\/bythedots.com\/fr\/the-ultimate-guide-to-ultrasonic-cleaning-precision-power\/\" class=\"button-link\">\n\t\t\t\t\t\t\t\t<span>View Post<\/span>\n\t\t\t\t\t\t\t<\/a>\n\t\t\t\t\t\t<\/div>\n\t\t\t\t\t\t\n\t\t\t\t\t\n\t\t\t\t\t<a href=\"https:\/\/bythedots.com\/fr\/the-ultimate-guide-to-ultrasonic-cleaning-precision-power\/\"><\/a>\n\t\t\t\t<\/div>\n\t\t\t<\/div>\n\t\t\n\t\t<div class=\"post-inner\">\n\n\t\t\t\n\t\t\t<header class=\"entry-header\">\n\t\t\t\t<div class=\"meta-category\"><ul class=\"post-categories\">\n\t<li><a href=\"https:\/\/bythedots.com\/fr\/category\/news\/\" rel=\"category tag\">Nouvelles<\/a><\/li><\/ul><\/div>\n\t\t\t\t<h2 class=\"entry-title\"><a href=\"https:\/\/bythedots.com\/fr\/the-ultimate-guide-to-ultrasonic-cleaning-precision-power\/\">Le Guide Ultime du Nettoyage par Ultrasons : Pr\u00e9cision et Puissance<\/a><\/h2>\n\n\t\t\t\t\t\t\t<\/header>\n\n\t\t\t\n\t\t\t\t\t\t\t\t\t\t<div class=\"post-excerpt\">\n\t\t\t\t\t\t\t\tLe nettoyage par ultrasons peut sembler tout droit sorti d&#8217;un roman de science-fiction, mais c&#8217;est une merveille moderne qui a r\u00e9volutionn\u00e9 les proc\u00e9d\u00e9s de nettoyage dans de&hellip;\t\t\t\t\t\t\t<\/div>\n\t\t\t\t\t\t\t\n\t\t<\/div>\n\n\t\t\n\t<\/div>\n\n<\/article>\n\n<article class=\"post-grid post-386 post type-post status-publish format-standard has-post-thumbnail category-news tag-changedelabourse-fr tag-costumes-de-danseuse-du-ventre\">\n\n\t<div class=\"post-outer\">\n\n\t\t\n\t\t\t\t\t<div class=\"post-inner\">\n\t\t\t\t<div class=\"post-thumbnail\">\n\t\t\t\t\t\n\t\t\t\t\t<img loading=\"lazy\" decoding=\"async\" width=\"560\" height=\"400\" src=\"https:\/\/bythedots.com\/fr\/wp-content\/uploads\/2022\/03\/a12-560x400.jpg\" class=\"attachment-csco-560-landscape size-csco-560-landscape wp-post-image\" alt=\"\" \/>\n\t\t\t\t\t\t\t\t\t\t\t<div class=\"post-more\">\n\t\t\t\t\t\t\t<a href=\"https:\/\/bythedots.com\/fr\/ou-acheter-des-costumes-de-danseuse-du-ventre\/\" class=\"button-link\">\n\t\t\t\t\t\t\t\t<span>View Post<\/span>\n\t\t\t\t\t\t\t<\/a>\n\t\t\t\t\t\t<\/div>\n\t\t\t\t\t\t\n\t\t\t\t\t\n\t\t\t\t\t<a href=\"https:\/\/bythedots.com\/fr\/ou-acheter-des-costumes-de-danseuse-du-ventre\/\"><\/a>\n\t\t\t\t<\/div>\n\t\t\t<\/div>\n\t\t\n\t\t<div class=\"post-inner\">\n\n\t\t\t\n\t\t\t<header class=\"entry-header\">\n\t\t\t\t<div class=\"meta-category\"><ul class=\"post-categories\">\n\t<li><a href=\"https:\/\/bythedots.com\/fr\/category\/news\/\" rel=\"category tag\">Nouvelles<\/a><\/li><\/ul><\/div>\n\t\t\t\t<h2 class=\"entry-title\"><a href=\"https:\/\/bythedots.com\/fr\/ou-acheter-des-costumes-de-danseuse-du-ventre\/\">O\u00f9 acheter des costumes de danseuse du ventre<\/a><\/h2>\n\n\t\t\t\t\t\t\t<\/header>\n\n\t\t\t\n\t\t\t\t\t\t\t\t\t\t<div class=\"post-excerpt\">\n\t\t\t\t\t\t\t\tQue vous soyez une danseuse du ventre professionnelle ou que vous recherchiez simplement une superbe tenue pour votre prochaine f\u00eate costum\u00e9e, de nombreux costumes de danseuse du ventre sont&hellip;\t\t\t\t\t\t\t<\/div>\n\t\t\t\t\t\t\t\n\t\t<\/div>\n\n\t\t\n\t<\/div>\n\n<\/article>\n<\/div><div class=\"archive-pagination\"><\/div>\t<\/div>\n\n<\/div>\n\t\t<\/div>\n<\/div>\n\r\n\r\n\n<div class=\"cnvs-block-section-sidebar cnvs-block-section-sidebar-1571120149832\" >\n\t<div class=\"cnvs-block-section-sidebar-inner\">\n\t\t\r\n\r\n\r\n<p style=\"text-align: center;\"><a href=\"https:\/\/www.awin1.com\/cread.php?s=3390095&amp;v=28531&amp;q=462496&amp;r=1520447\" target=\"_blank\" rel=\"noopener\"><img loading=\"lazy\" decoding=\"async\" src=\"https:\/\/bythedots.com\/fr\/wp-content\/uploads\/2024\/01\/HONOR-FR-JAN-C-BANNER-300x250-1.png\" alt=\"\" width=\"300\" height=\"250\" \/><\/a><\/p>\r\n<p style=\"text-align: center;\"><a href=\"https:\/\/bythedots.com\/\"><img loading=\"lazy\" decoding=\"async\" class=\"aligncenter wp-image-656 size-full\" title=\"By The Dots: Your Home for Shopping tips, deals, news, fashion, and modern lifestyle is what you need.\" src=\"https:\/\/bythedots.com\/wp-content\/uploads\/2023\/11\/ZZZBYTHEDOTS-LOGO300x250.png\" alt=\"By The Dots: Your Home for Shopping tips, deals, news, fashion, and modern lifestyle is what you need.\" width=\"300\" height=\"250\" \/><\/a><\/p>\r\n\t<\/div>\n<\/div>\n\t\t\t<\/div>\n\t\t<\/div>\n\t<\/div>\n\n\t\r\n\r\n\r\n<p style=\"text-align: center;\"><\/p>\r\n<p style=\"text-align: center;\">\t<\/div>\n<\/div>\n\t\t\t<\/div>\n\t\t<\/div>\n\t<\/div>","protected":false},"excerpt":{"rendered":"&nbsp;","protected":false},"author":1,"featured_media":0,"parent":0,"menu_order":0,"comment_status":"closed","ping_status":"closed","template":"template-canvas-fullwidth.php","meta":{"footnotes":""},"class_list":["post-137","page","type-page","status-publish"],"_links":{"self":[{"href":"https:\/\/bythedots.com\/fr\/wp-json\/wp\/v2\/pages\/137","targetHints":{"allow":["GET"]}}],"collection":[{"href":"https:\/\/bythedots.com\/fr\/wp-json\/wp\/v2\/pages"}],"about":[{"href":"https:\/\/bythedots.com\/fr\/wp-json\/wp\/v2\/types\/page"}],"author":[{"embeddable":true,"href":"https:\/\/bythedots.com\/fr\/wp-json\/wp\/v2\/users\/1"}],"replies":[{"embeddable":true,"href":"https:\/\/bythedots.com\/fr\/wp-json\/wp\/v2\/comments?post=137"}],"version-history":[{"count":12,"href":"https:\/\/bythedots.com\/fr\/wp-json\/wp\/v2\/pages\/137\/revisions"}],"predecessor-version":[{"id":496,"href":"https:\/\/bythedots.com\/fr\/wp-json\/wp\/v2\/pages\/137\/revisions\/496"}],"wp:attachment":[{"href":"https:\/\/bythedots.com\/fr\/wp-json\/wp\/v2\/media?parent=137"}],"curies":[{"name":"wp","href":"https:\/\/api.w.org\/{rel}","templated":true}]}}