{"id":21,"date":"2022-02-02T11:03:46","date_gmt":"2022-02-02T11:03:46","guid":{"rendered":"https:\/\/bythedots.com\/fr\/a-propos-de-nous"},"modified":"2022-10-23T11:48:44","modified_gmt":"2022-10-23T11:48:44","slug":"a-propos-de-nous","status":"publish","type":"page","link":"https:\/\/bythedots.com\/fr\/a-propos-de-nous\/","title":{"rendered":"\u00c0 Propos de Nous"},"content":{"rendered":"<h2>Des conseils d&#8217;achat, des offres, des actualit\u00e9s, de la mode et un style de vie moderne sont ce dont vous avez besoin.<\/h2>\n<p><a href=\"https:\/\/bythedots.com\/fr\/\"><em>ByTheDots.com<\/em><\/a> est l&#8217;endroit o\u00f9 les tendances <em>Shopping<\/em> et <em>Lifestyle<\/em> se rencontrent intelligemment. \u00catre intemporel et chic n&#8217;est pas cher si vous comprenez ce que signifie \u00eatre \u00e0 la mode en utilisant intelligemment votre argent durement gagn\u00e9. Faire des achats intelligents de mani\u00e8re appropri\u00e9e vous permettra non seulement d&#8217;\u00e9conomiser de l&#8217;argent, mais aussi d&#8217;am\u00e9liorer consid\u00e9rablement votre style de vie lorsque vous effectuerez des recherches, lisez et comparez avant d&#8217;effectuer l&#8217;achat. D\u00e9penser judicieusement est la nouvelle tendance de notre \u00e9poque moderne.<\/p>\n<p><a href=\"https:\/\/bythedots.com\/fr\/\"><strong>By the Dots<\/strong><\/a> partage des conseils judicieux, quoi, quand et o\u00f9 acheter pour maximiser les offres que vous pouvez obtenir. Les derni\u00e8res tendances Shopping Lifestyle &amp; Fashion sont ce que nous sommes sur le point de donner aux personnes int\u00e9ress\u00e9es la t\u00eate haute pour apprendre et trouver ce qu&#8217;il faut acheter judicieusement.<\/p>\n<p>Nos articles de blog contiendront des conseils et des guides d&#8217;achat, <em><strong>des tendances en mati\u00e8re<\/strong><\/em> de <em><strong>v\u00eatements et d&#8217;accessoires de mode<\/strong><\/em>, l<em><strong>es derniers produits \u00e9lectroniques grand public<\/strong><\/em>, <em><strong>des conseils de beaut\u00e9 et de soins personnels<\/strong><\/em>, etc.<\/p>\n","protected":false},"excerpt":{"rendered":"<p>Des conseils d&#8217;achat, des offres, des actualit\u00e9s, de la mode et un style de vie moderne sont ce dont vous avez besoin. ByTheDots.com est l&#8217;endroit o\u00f9 les tendances Shopping et&hellip;<\/p>\n","protected":false},"author":1,"featured_media":0,"parent":0,"menu_order":0,"comment_status":"closed","ping_status":"closed","template":"","meta":{"footnotes":""},"class_list":["post-21","page","type-page","status-publish"],"_links":{"self":[{"href":"https:\/\/bythedots.com\/fr\/wp-json\/wp\/v2\/pages\/21","targetHints":{"allow":["GET"]}}],"collection":[{"href":"https:\/\/bythedots.com\/fr\/wp-json\/wp\/v2\/pages"}],"about":[{"href":"https:\/\/bythedots.com\/fr\/wp-json\/wp\/v2\/types\/page"}],"author":[{"embeddable":true,"href":"https:\/\/bythedots.com\/fr\/wp-json\/wp\/v2\/users\/1"}],"replies":[{"embeddable":true,"href":"https:\/\/bythedots.com\/fr\/wp-json\/wp\/v2\/comments?post=21"}],"version-history":[{"count":8,"href":"https:\/\/bythedots.com\/fr\/wp-json\/wp\/v2\/pages\/21\/revisions"}],"predecessor-version":[{"id":437,"href":"https:\/\/bythedots.com\/fr\/wp-json\/wp\/v2\/pages\/21\/revisions\/437"}],"wp:attachment":[{"href":"https:\/\/bythedots.com\/fr\/wp-json\/wp\/v2\/media?parent=21"}],"curies":[{"name":"wp","href":"https:\/\/api.w.org\/{rel}","templated":true}]}}