{"id":137,"date":"2022-02-12T10:27:48","date_gmt":"2022-02-12T10:27:48","guid":{"rendered":"https:\/\/bythedots.com\/?page_id=137"},"modified":"2024-05-17T12:55:34","modified_gmt":"2024-05-17T12:55:34","slug":"home","status":"publish","type":"page","link":"https:\/\/bythedots.com\/pl\/","title":{"rendered":"Home"},"content":{"rendered":"\t<div class=\"cnvs-block-section cnvs-block-section-1571120080472 cnvs-block-section-layout-full cnvs-block-section-fullwidth\" >\n\t\t<div class=\"cnvs-block-section-outer\" style=\"\">\n\t\t\t<div class=\"cnvs-block-section-inner\">\n\t\t\t\t\r\n\r\n\n<div class=\"cnvs-block-section-content cnvs-block-section-content-1571120082557\" >\n\t<div class=\"cnvs-block-section-content-inner\">\n\t\t\r\n\r\n\t<div class=\"cnvs-block-section cnvs-block-section-1571318436466 cnvs-block-section-layout-with-sidebar cnvs-block-section-sidebar-sticky-top cnvs-block-section-sidebar-position-right\" >\n\t\t<div class=\"cnvs-block-section-outer\" style=\"\">\n\t\t\t<div class=\"cnvs-block-section-inner\">\n\t\t\t\t\r\n\r\n\n<div class=\"cnvs-block-section-content cnvs-block-section-content-1571120149786\" >\n\t<div class=\"cnvs-block-section-content-inner\">\n\t\t\r\n\r\n\n<h5 id=\"shopping-tips-trends\" class=\"cnvs-block-section-heading cnvs-block-section-heading-1572265089722 is-style-cnvs-block-section-heading-default halignleft\" >\n\t<span class=\"cnvs-section-title\">\n\t\t<span><h1>SHOPPING TIPS &#038; TRENDS<\/h1><\/span>\n\t<\/span>\n<\/h5>\n\r\n\r\n\n<div class=\"cs-block-archive-posts cnvs-block-featured-posts-1571120154893\" data-layout=\"grid\">\n\n\t<div class=\"post-archive\" data-archive-data=\"eyJ0eXBlIjoiYWpheF9yZXN0YXBpIiwibm9uY2UiOiJkNWUzZDU5OTYwIiwidXJsIjoiaHR0cHM6XC9cL2J5dGhlZG90cy5jb21cL3BsXC93cC1hZG1pblwvYWRtaW4tYWpheC5waHAiLCJyZXN0X3VybCI6Imh0dHBzOlwvXC9ieXRoZWRvdHMuY29tXC9wbFwvd3AtanNvblwvY3Njb1wvdjFcL21vcmUtcG9zdHMiLCJwb3N0c19wZXJfcGFnZSI6NCwicXVlcnlfZGF0YSI6IntcImluZmluaXRlX2xvYWRcIjpmYWxzZSxcInF1ZXJ5X3ZhcnNcIjp7XCJpZ25vcmVfc3RpY2t5X3Bvc3RzXCI6dHJ1ZSxcImlzX3Bvc3RfcXVlcnlcIjp0cnVlLFwib3JkZXJieVwiOlwicmFuZFwiLFwib3JkZXJcIjpcIkRFU0NcIixcInBhZ2VkXCI6MSxcInBvc3RzX3Blcl9wYWdlXCI6NCxcInBvc3RfdHlwZVwiOlwicG9zdFwifSxcImluX3RoZV9sb29wXCI6ZmFsc2UsXCJpc19zaW5nbGVcIjpmYWxzZSxcImlzX3BhZ2VcIjpmYWxzZSxcImlzX2FyY2hpdmVcIjpmYWxzZSxcImlzX2F1dGhvclwiOmZhbHNlLFwiaXNfY2F0ZWdvcnlcIjpmYWxzZSxcImlzX3RhZ1wiOmZhbHNlLFwiaXNfdGF4XCI6ZmFsc2UsXCJpc19ob21lXCI6ZmFsc2UsXCJpc19zaW5ndWxhclwiOmZhbHNlfSIsImF0dHJpYnV0ZXMiOiJ7XCJjYW52YXNDbGFzc05hbWVcIjpcImNudnMtYmxvY2stZmVhdHVyZWQtcG9zdHMtMTU3MTEyMDE1NDg5M1wiLFwiY2FudmFzTG9jYXRpb25cIjpcInNlY3Rpb24tY29udGVudFwiLFwibGF5b3V0XCI6XCJncmlkXCIsXCJxdWVyeVwiOntcInBvc3RzX3R5cGVcIjpcInBvc3RcIixcImNhdGVnb3JpZXNcIjpcIlwiLFwidGFnc1wiOlwiXCIsXCJleGNsdWRlX2NhdGVnb3JpZXNcIjpcIlwiLFwiZXhjbHVkZV90YWdzXCI6XCJcIixcImZvcm1hdHNcIjpcIlwiLFwicG9zdHNcIjpcIlwiLFwib2Zmc2V0XCI6XCJcIixcIm9yZGVyYnlcIjpcInJhbmRcIixcIm9yZGVyXCI6XCJERVNDXCIsXCJ0aW1lX2ZyYW1lXCI6XCJcIixcInRheG9ub215XCI6XCJcIixcInRlcm1zXCI6XCJcIn0sXCJsYXlvdXRfZ3JpZF9hcmNoaXZlU2hvd01ldGFBdXRob3JcIjpmYWxzZSxcImxheW91dF9ncmlkX2FyY2hpdmVTaG93TWV0YURhdGVcIjpmYWxzZSxcImxheW91dF9ncmlkX2FyY2hpdmVTaG93Vmlld1Bvc3RCdXR0b25cIjpmYWxzZSxcImxheW91dF9ncmlkX3Bvc3RzSGlnaGxpZ2h0XCI6XCJub25lXCIsXCJsYXlvdXRfZ3JpZF9wYWdpbmF0aW9uVHlwZUFsdFwiOlwiYWpheFwiLFwibGF5b3V0X2dyaWRfYXJjaGl2ZVBvc3RzQ291bnRcIjo0LFwibGF5b3V0X2dyaWRfdGh1bWJuYWlsT3JpZW50YXRpb25cIjpcImxhbmRzY2FwZVwiLFwiY2FudmFzQmxvY2tOYW1lXCI6XCJjYW52YXNcXFwvcG9zdHNcIixcInF1ZXJ5R3JvdXBcIjpcIlwiLFwiYXZvaWREdXBsaWNhdGVQb3N0c1wiOmZhbHNlLFwibGF5b3V0X2dyaWRfYXJjaGl2ZVNob3dNZXRhQ2F0ZWdvcnlcIjp0cnVlLFwibGF5b3V0X2dyaWRfYXJjaGl2ZVNob3dNZXRhQ29tbWVudHNcIjpmYWxzZSxcImxheW91dF9ncmlkX2FyY2hpdmVNZXRhQ29tcGFjdFwiOmZhbHNlLFwibGF5b3V0X2dyaWRfYXJjaGl2ZVNob3dFeGNlcnB0XCI6dHJ1ZSxcImxheW91dF9ncmlkX2FyY2hpdmVNZXRhRXhjZXJwdExlbmd0aFwiOjIwMCxcImxheW91dF9ncmlkX2FyY2hpdmVTaG93Vmlld1Bvc3RMaW5rXCI6dHJ1ZSxcImxheW91dF9ncmlkX2FyY2hpdmVWaWV3TGFiZWxcIjpcIlwiLFwibGF5b3V0X2dyaWRfY29sdW1uc1wiOjIsXCJsYXlvdXRfZ3JpZF9maXJzdFBvc3RcIjpmYWxzZSxcImxheW91dF9ncmlkX3JlZHVjZU1hcmdpblwiOmZhbHNlLFwibGF5b3V0X2dyaWRfdmlkZW9cIjpmYWxzZSxcImxheW91dF9ncmlkX3dpZGdldHNcIjpmYWxzZSxcImxheW91dF9ncmlkX3R5cG9ncmFwaHlIZWFkaW5nXCI6XCIxLjVyZW1cIixcImNsYXNzTmFtZVwiOlwiY252cy1ibG9jay1wb3N0cyBjbnZzLWJsb2NrLWZlYXR1cmVkLXBvc3RzLTE1NzExMjAxNTQ4OTMgY252cy1ibG9jay1wb3N0cy1sYXlvdXQtZ3JpZFwiLFwicGFnZV9sYXlvdXRcIjpcImxheW91dC1zaWRlYmFyLXJpZ2h0XCIsXCJpc193aWRlXCI6ZmFsc2V9Iiwib3B0aW9ucyI6IntcImFyY2hpdmVTaG93TWV0YUF1dGhvclwiOmZhbHNlLFwiYXJjaGl2ZVNob3dNZXRhRGF0ZVwiOmZhbHNlLFwiYXJjaGl2ZVNob3dWaWV3UG9zdEJ1dHRvblwiOmZhbHNlLFwicG9zdHNIaWdobGlnaHRcIjpcIm5vbmVcIixcInBhZ2luYXRpb25UeXBlQWx0XCI6XCJhamF4XCIsXCJhcmNoaXZlUG9zdHNDb3VudFwiOjQsXCJ0aHVtYm5haWxPcmllbnRhdGlvblwiOlwibGFuZHNjYXBlXCIsXCJhcmNoaXZlU2hvd01ldGFDYXRlZ29yeVwiOnRydWUsXCJhcmNoaXZlU2hvd01ldGFDb21tZW50c1wiOmZhbHNlLFwiYXJjaGl2ZU1ldGFDb21wYWN0XCI6ZmFsc2UsXCJhcmNoaXZlU2hvd0V4Y2VycHRcIjp0cnVlLFwiYXJjaGl2ZU1ldGFFeGNlcnB0TGVuZ3RoXCI6MjAwLFwiYXJjaGl2ZVNob3dWaWV3UG9zdExpbmtcIjp0cnVlLFwiYXJjaGl2ZVZpZXdMYWJlbFwiOlwiXCIsXCJjb2x1bW5zXCI6MixcImZpcnN0UG9zdFwiOmZhbHNlLFwicmVkdWNlTWFyZ2luXCI6ZmFsc2UsXCJ2aWRlb1wiOmZhbHNlLFwid2lkZ2V0c1wiOmZhbHNlLFwidHlwb2dyYXBoeUhlYWRpbmdcIjpcIjEuNXJlbVwifSIsImluZmluaXRlX2xvYWQiOiJmYWxzZSIsInRyYW5zbGF0aW9uIjp7ImxvYWRfbW9yZSI6IkxvYWQgTW9yZSIsImxvYWRpbmciOiJMb2FkaW5nIn19\">\n\t\t<div class=\"archive-main archive-grid columns-2\">\n<article class=\"post-grid post-334 post type-post status-publish format-standard has-post-thumbnail category-news\">\n\n\t<div class=\"post-outer\">\n\n\t\t\n\t\t\t\t\t<div class=\"post-inner\">\n\t\t\t\t<div class=\"post-thumbnail\">\n\t\t\t\t\t\n\t\t\t\t\t<img loading=\"lazy\" decoding=\"async\" width=\"560\" height=\"400\" src=\"https:\/\/bythedots.com\/pl\/wp-content\/uploads\/2022\/05\/a20-560x400.jpg\" class=\"attachment-csco-560-landscape size-csco-560-landscape wp-post-image\" alt=\"\" \/>\n\t\t\t\t\t\t\t\t\t\t\t<div class=\"post-more\">\n\t\t\t\t\t\t\t<a href=\"https:\/\/bythedots.com\/pl\/mata-do-masazu-calego-ciala-snailax-memory-foam\/\" class=\"button-link\">\n\t\t\t\t\t\t\t\t<span>View Post<\/span>\n\t\t\t\t\t\t\t<\/a>\n\t\t\t\t\t\t<\/div>\n\t\t\t\t\t\t\n\t\t\t\t\t\n\t\t\t\t\t<a href=\"https:\/\/bythedots.com\/pl\/mata-do-masazu-calego-ciala-snailax-memory-foam\/\"><\/a>\n\t\t\t\t<\/div>\n\t\t\t<\/div>\n\t\t\n\t\t<div class=\"post-inner\">\n\n\t\t\t\n\t\t\t<header class=\"entry-header\">\n\t\t\t\t<div class=\"meta-category\"><ul class=\"post-categories\">\n\t<li><a href=\"https:\/\/bythedots.com\/pl\/category\/news\/\" rel=\"category tag\">Aktualno\u015bci<\/a><\/li><\/ul><\/div>\n\t\t\t\t<h2 class=\"entry-title\"><a href=\"https:\/\/bythedots.com\/pl\/mata-do-masazu-calego-ciala-snailax-memory-foam\/\">Mata do masa\u017cu ca\u0142ego cia\u0142a Snailax Memory Foam<\/a><\/h2>\n\n\t\t\t\t\t\t\t<\/header>\n\n\t\t\t\n\t\t\t\t\t\t\t\t\t\t<div class=\"post-excerpt\">\n\t\t\t\t\t\t\t\tKiedy czujesz si\u0119 obola\u0142y i zm\u0119czony, nie ma nic lepszego ni\u017c dobry masa\u017c, kt\u00f3ry rozlu\u017ani Twoje mi\u0119\u015bnie. Ale nie zawsze jest \u0142atwo wyj\u015b\u0107 i i\u015b\u0107 na si\u0142owni\u0119 lub gabinet masa\u017cu. Mo\u017ce jeste\u015b w&hellip;\t\t\t\t\t\t\t<\/div>\n\t\t\t\t\t\t\t\n\t\t<\/div>\n\n\t\t\n\t<\/div>\n\n<\/article>\n\n<article class=\"post-grid post-404 post type-post status-publish format-standard has-post-thumbnail category-news tag-butyjana tag-oceanic tag-zegarki-meskie\">\n\n\t<div class=\"post-outer\">\n\n\t\t\n\t\t\t\t\t<div class=\"post-inner\">\n\t\t\t\t<div class=\"post-thumbnail\">\n\t\t\t\t\t\n\t\t\t\t\t<img loading=\"lazy\" decoding=\"async\" width=\"560\" height=\"420\" src=\"https:\/\/bythedots.com\/pl\/wp-content\/uploads\/2023\/02\/Check-Out-Mens-Purpose-Built-Watches-560x420.jpg\" class=\"attachment-csco-560-landscape size-csco-560-landscape wp-post-image\" alt=\"\" srcset=\"https:\/\/bythedots.com\/pl\/wp-content\/uploads\/2023\/02\/Check-Out-Mens-Purpose-Built-Watches-560x420.jpg 560w, https:\/\/bythedots.com\/pl\/wp-content\/uploads\/2023\/02\/Check-Out-Mens-Purpose-Built-Watches-320x240.jpg 320w, https:\/\/bythedots.com\/pl\/wp-content\/uploads\/2023\/02\/Check-Out-Mens-Purpose-Built-Watches-300x225.jpg 300w, https:\/\/bythedots.com\/pl\/wp-content\/uploads\/2023\/02\/Check-Out-Mens-Purpose-Built-Watches-120x90.jpg 120w, https:\/\/bythedots.com\/pl\/wp-content\/uploads\/2023\/02\/Check-Out-Mens-Purpose-Built-Watches-90x68.jpg 90w, https:\/\/bythedots.com\/pl\/wp-content\/uploads\/2023\/02\/Check-Out-Mens-Purpose-Built-Watches-800x600.jpg 800w\" sizes=\"auto, (max-width: 560px) 100vw, 560px\" \/>\n\t\t\t\t\t\t\t\t\t\t\t<div class=\"post-more\">\n\t\t\t\t\t\t\t<a href=\"https:\/\/bythedots.com\/pl\/sprawdz-specjalnie-zaprojektowane-meskie-zegarki\/\" class=\"button-link\">\n\t\t\t\t\t\t\t\t<span>View Post<\/span>\n\t\t\t\t\t\t\t<\/a>\n\t\t\t\t\t\t<\/div>\n\t\t\t\t\t\t\n\t\t\t\t\t\n\t\t\t\t\t<a href=\"https:\/\/bythedots.com\/pl\/sprawdz-specjalnie-zaprojektowane-meskie-zegarki\/\"><\/a>\n\t\t\t\t<\/div>\n\t\t\t<\/div>\n\t\t\n\t\t<div class=\"post-inner\">\n\n\t\t\t\n\t\t\t<header class=\"entry-header\">\n\t\t\t\t<div class=\"meta-category\"><ul class=\"post-categories\">\n\t<li><a href=\"https:\/\/bythedots.com\/pl\/category\/news\/\" rel=\"category tag\">Aktualno\u015bci<\/a><\/li><\/ul><\/div>\n\t\t\t\t<h2 class=\"entry-title\"><a href=\"https:\/\/bythedots.com\/pl\/sprawdz-specjalnie-zaprojektowane-meskie-zegarki\/\">Sprawd\u017a specjalnie zaprojektowane m\u0119skie zegarki<\/a><\/h2>\n\n\t\t\t\t\t\t\t<\/header>\n\n\t\t\t\n\t\t\t\t\t\t\t\t\t\t<div class=\"post-excerpt\">\n\t\t\t\t\t\t\t\tM\u0119\u017cczy\u017ani szukaj\u0105 pomys\u0142\u00f3w w Internecie, podobnie jak kobiety. Niekt\u00f3rzy z nich wyszukuj\u0105 i wybieraj\u0105 przedmioty, kt\u00f3re pasuj\u0105 do ich stylu, np. zegarki. Czy wiesz, \u017ce traktuj\u0105 te przedmioty&hellip;\t\t\t\t\t\t\t<\/div>\n\t\t\t\t\t\t\t\n\t\t<\/div>\n\n\t\t\n\t<\/div>\n\n<\/article>\n\n<article class=\"post-grid post-346 post type-post status-publish format-standard has-post-thumbnail category-news\">\n\n\t<div class=\"post-outer\">\n\n\t\t\n\t\t\t\t\t<div class=\"post-inner\">\n\t\t\t\t<div class=\"post-thumbnail\">\n\t\t\t\t\t\n\t\t\t\t\t<img loading=\"lazy\" decoding=\"async\" width=\"560\" height=\"400\" src=\"https:\/\/bythedots.com\/pl\/wp-content\/uploads\/2022\/05\/a05-560x400.jpg\" class=\"attachment-csco-560-landscape size-csco-560-landscape wp-post-image\" alt=\"\" \/>\n\t\t\t\t\t\t\t\t\t\t\t<div class=\"post-more\">\n\t\t\t\t\t\t\t<a href=\"https:\/\/bythedots.com\/pl\/zakupy-w-salonach-autokarowych\/\" class=\"button-link\">\n\t\t\t\t\t\t\t\t<span>View Post<\/span>\n\t\t\t\t\t\t\t<\/a>\n\t\t\t\t\t\t<\/div>\n\t\t\t\t\t\t\n\t\t\t\t\t\n\t\t\t\t\t<a href=\"https:\/\/bythedots.com\/pl\/zakupy-w-salonach-autokarowych\/\"><\/a>\n\t\t\t\t<\/div>\n\t\t\t<\/div>\n\t\t\n\t\t<div class=\"post-inner\">\n\n\t\t\t\n\t\t\t<header class=\"entry-header\">\n\t\t\t\t<div class=\"meta-category\"><ul class=\"post-categories\">\n\t<li><a href=\"https:\/\/bythedots.com\/pl\/category\/news\/\" rel=\"category tag\">Aktualno\u015bci<\/a><\/li><\/ul><\/div>\n\t\t\t\t<h2 class=\"entry-title\"><a href=\"https:\/\/bythedots.com\/pl\/zakupy-w-salonach-autokarowych\/\">Zakupy w salonach autokarowych<\/a><\/h2>\n\n\t\t\t\t\t\t\t<\/header>\n\n\t\t\t\n\t\t\t\t\t\t\t\t\t\t<div class=\"post-excerpt\">\n\t\t\t\t\t\t\t\tJe\u015bli kochasz mark\u0119 Coach, ale nie sta\u0107 Ci\u0119 na designerskie ceny, outlety Coach mog\u0105 by\u0107 \u015bwietnym \u017ar\u00f3d\u0142em informacji. Podobnie jak wielu projektant\u00f3w, Coach ma sklepy outletowe w ca\u0142ym kraju,&hellip;\t\t\t\t\t\t\t<\/div>\n\t\t\t\t\t\t\t\n\t\t<\/div>\n\n\t\t\n\t<\/div>\n\n<\/article>\n\n<article class=\"post-grid post-410 post type-post status-publish format-standard has-post-thumbnail category-news tag-butyjana tag-oceanic tag-t-shirt\">\n\n\t<div class=\"post-outer\">\n\n\t\t\n\t\t\t\t\t<div class=\"post-inner\">\n\t\t\t\t<div class=\"post-thumbnail\">\n\t\t\t\t\t\n\t\t\t\t\t<img loading=\"lazy\" decoding=\"async\" width=\"560\" height=\"420\" src=\"https:\/\/bythedots.com\/pl\/wp-content\/uploads\/2023\/10\/Discover-the-Perfect-T-shirt-A-Shoppers-Guide-to-Top-Brands-and-Styles-EN-560x420.png\" class=\"attachment-csco-560-landscape size-csco-560-landscape wp-post-image\" alt=\"\" srcset=\"https:\/\/bythedots.com\/pl\/wp-content\/uploads\/2023\/10\/Discover-the-Perfect-T-shirt-A-Shoppers-Guide-to-Top-Brands-and-Styles-EN-560x420.png 560w, https:\/\/bythedots.com\/pl\/wp-content\/uploads\/2023\/10\/Discover-the-Perfect-T-shirt-A-Shoppers-Guide-to-Top-Brands-and-Styles-EN-320x240.png 320w, https:\/\/bythedots.com\/pl\/wp-content\/uploads\/2023\/10\/Discover-the-Perfect-T-shirt-A-Shoppers-Guide-to-Top-Brands-and-Styles-EN-300x225.png 300w, https:\/\/bythedots.com\/pl\/wp-content\/uploads\/2023\/10\/Discover-the-Perfect-T-shirt-A-Shoppers-Guide-to-Top-Brands-and-Styles-EN-120x90.png 120w, https:\/\/bythedots.com\/pl\/wp-content\/uploads\/2023\/10\/Discover-the-Perfect-T-shirt-A-Shoppers-Guide-to-Top-Brands-and-Styles-EN-90x68.png 90w\" sizes=\"auto, (max-width: 560px) 100vw, 560px\" \/>\n\t\t\t\t\t\t\t\t\t\t\t<div class=\"post-more\">\n\t\t\t\t\t\t\t<a href=\"https:\/\/bythedots.com\/pl\/odkryj-idealny-t-shirt\/\" class=\"button-link\">\n\t\t\t\t\t\t\t\t<span>View Post<\/span>\n\t\t\t\t\t\t\t<\/a>\n\t\t\t\t\t\t<\/div>\n\t\t\t\t\t\t\n\t\t\t\t\t\n\t\t\t\t\t<a href=\"https:\/\/bythedots.com\/pl\/odkryj-idealny-t-shirt\/\"><\/a>\n\t\t\t\t<\/div>\n\t\t\t<\/div>\n\t\t\n\t\t<div class=\"post-inner\">\n\n\t\t\t\n\t\t\t<header class=\"entry-header\">\n\t\t\t\t<div class=\"meta-category\"><ul class=\"post-categories\">\n\t<li><a href=\"https:\/\/bythedots.com\/pl\/category\/news\/\" rel=\"category tag\">Aktualno\u015bci<\/a><\/li><\/ul><\/div>\n\t\t\t\t<h2 class=\"entry-title\"><a href=\"https:\/\/bythedots.com\/pl\/odkryj-idealny-t-shirt\/\">Odkryj idealny T-shirt: przewodnik dla kupuj\u0105cych po najlepszych markach i stylach<\/a><\/h2>\n\n\t\t\t\t\t\t\t<\/header>\n\n\t\t\t\n\t\t\t\t\t\t\t\t\t\t<div class=\"post-excerpt\">\n\t\t\t\t\t\t\t\tKupuj\u0105c T-shirt, ka\u017cdy z nas chce dokona\u0107 m\u0105drego wyboru. Idealna koszulka mo\u017ce poprawi\u0107 Tw\u00f3j wygl\u0105d i nie chodzi tylko o wygl\u0105d; komfort te\u017c si\u0119 liczy. Dlatego zanim trafisz do sklepu lub&hellip;\t\t\t\t\t\t\t<\/div>\n\t\t\t\t\t\t\t\n\t\t<\/div>\n\n\t\t\n\t<\/div>\n\n<\/article>\n<\/div><div class=\"archive-pagination\"><\/div>\t<\/div>\n\n<\/div>\n\t\t<\/div>\n<\/div>\n\r\n\r\n\n<div class=\"cnvs-block-section-sidebar cnvs-block-section-sidebar-1571120149832\" >\n\t<div class=\"cnvs-block-section-sidebar-inner\">\n\t\t\r\n\r\n\r\n<p style=\"text-align: center;\"><a href=\"https:\/\/bythedots.com\/\"><img loading=\"lazy\" decoding=\"async\" class=\"aligncenter wp-image-656 size-full\" title=\"By The Dots: Your Home for Shopping tips, deals, news, fashion, and modern lifestyle is what you need.\" src=\"https:\/\/bythedots.com\/wp-content\/uploads\/2023\/11\/ZZZBYTHEDOTS-LOGO300x250.png\" alt=\"By The Dots: Your Home for Shopping tips, deals, news, fashion, and modern lifestyle is what you need.\" width=\"300\" height=\"250\" \/><\/a><\/p>\r\n\t<\/div>\n<\/div>\n\t\t\t<\/div>\n\t\t<\/div>\n\t<\/div>\n\n\t\r\n\r\n\r\n<p style=\"text-align: center;\">\u00a0<\/p>\r\n<p style=\"text-align: center;\">\t<\/div>\n<\/div>\n\t\t\t<\/div>\n\t\t<\/div>\n\t<\/div>\n\n\t<\/p>","protected":false},"excerpt":{"rendered":"","protected":false},"author":1,"featured_media":0,"parent":0,"menu_order":0,"comment_status":"closed","ping_status":"closed","template":"template-canvas-fullwidth.php","meta":{"footnotes":""},"class_list":["post-137","page","type-page","status-publish"],"_links":{"self":[{"href":"https:\/\/bythedots.com\/pl\/wp-json\/wp\/v2\/pages\/137","targetHints":{"allow":["GET"]}}],"collection":[{"href":"https:\/\/bythedots.com\/pl\/wp-json\/wp\/v2\/pages"}],"about":[{"href":"https:\/\/bythedots.com\/pl\/wp-json\/wp\/v2\/types\/page"}],"author":[{"embeddable":true,"href":"https:\/\/bythedots.com\/pl\/wp-json\/wp\/v2\/users\/1"}],"replies":[{"embeddable":true,"href":"https:\/\/bythedots.com\/pl\/wp-json\/wp\/v2\/comments?post=137"}],"version-history":[{"count":4,"href":"https:\/\/bythedots.com\/pl\/wp-json\/wp\/v2\/pages\/137\/revisions"}],"predecessor-version":[{"id":543,"href":"https:\/\/bythedots.com\/pl\/wp-json\/wp\/v2\/pages\/137\/revisions\/543"}],"wp:attachment":[{"href":"https:\/\/bythedots.com\/pl\/wp-json\/wp\/v2\/media?parent=137"}],"curies":[{"name":"wp","href":"https:\/\/api.w.org\/{rel}","templated":true}]}}