{"id":21,"date":"2022-02-02T11:03:46","date_gmt":"2022-02-02T11:03:46","guid":{"rendered":"https:\/\/bythedots.com\/tr\/bizim-hakkimizda"},"modified":"2022-10-23T12:59:16","modified_gmt":"2022-10-23T12:59:16","slug":"bizim-hakkimizda","status":"publish","type":"page","link":"https:\/\/bythedots.com\/tr\/bizim-hakkimizda\/","title":{"rendered":"Bizim Hakk\u0131m\u0131zda"},"content":{"rendered":"<h3 id=\"alisveris-ipuclari-firsatlar-haberler-moda-ve-modern-yasam-tarzi-ihtiyaciniz-olan-sey\" style=\"text-align: left;\">Al\u0131\u015fveri\u015f ipu\u00e7lar\u0131, f\u0131rsatlar, haberler, moda ve modern ya\u015fam tarz\u0131 ihtiyac\u0131n\u0131z olan \u015fey.<\/h3>\n<p><a href=\"https:\/\/bythedots.com\/tr\/\"><em>ByTheDots.com<\/em><\/a>, Al\u0131\u015fveri\u015f ve Ya\u015fam Tarz\u0131 trendlerinin ak\u0131ll\u0131ca bulu\u015ftu\u011fu yerdir. Zor kazan\u0131lan paray\u0131 ak\u0131ll\u0131ca<em><a href=\"https:\/\/bythedots.com\/tr\/\"> kullanarak modaya uygun olman\u0131n<\/a><\/em> ne <a href=\"https:\/\/bythedots.com\/tr\/\"><em>demek oldu\u011funu anlarsan\u0131z<\/em><\/a>, <a href=\"https:\/\/bythedots.com\/tr\/\"><em>zamans\u0131z ve \u015f\u0131k olmak pahal\u0131 de\u011fildir<\/em><\/a>. Do\u011fru bir \u015fekilde ak\u0131ll\u0131 al\u0131\u015fveri\u015f, sadece paradan tasarruf etmenizi sa\u011flamakla kalmayacak, sat\u0131n almadan \u00f6nce ara\u015ft\u0131rd\u0131\u011f\u0131n\u0131z, okudu\u011funuz ve kar\u015f\u0131la\u015ft\u0131rd\u0131\u011f\u0131n\u0131z i\u00e7in ya\u015fam tarz\u0131n\u0131z\u0131 b\u00fcy\u00fck \u00f6l\u00e7\u00fcde iyile\u015ftirecektir. Ak\u0131ll\u0131ca harcamak, g\u00fcn\u00fcm\u00fcz\u00fcn yeni trendi.<\/p>\n<p><a href=\"https:\/\/bythedots.com\/tr\/\"><strong>By the Dots<\/strong><\/a>, alabilece\u011finiz f\u0131rsatlar\u0131 en \u00fcst d\u00fczeye \u00e7\u0131karmak i\u00e7in ne, ne zaman ve nerede al\u0131\u015fveri\u015f yapabilece\u011finize dair mant\u0131kl\u0131 ipu\u00e7lar\u0131n\u0131 payla\u015f\u0131r. En son Al\u0131\u015fveri\u015f Ya\u015fam Tarz\u0131 ve Moda trendleri, ilgilenen bireylere ak\u0131ll\u0131ca ne al\u0131\u015fveri\u015f yapacaklar\u0131n\u0131 \u00f6\u011frenmeleri ve bulmalar\u0131 i\u00e7in kafa kafaya vermek \u00fczere oldu\u011fumuz \u015feydir.<\/p>\n<p>Blog makalelerimiz al\u0131\u015fveri\u015f ipu\u00e7lar\u0131 ve k\u0131lavuzlar\u0131, moda giyim ve aksesuar trendleri, en son t\u00fcketici elektroni\u011fi, g\u00fczellik ve ki\u015fisel bak\u0131m ipu\u00e7lar\u0131 ve daha fazlas\u0131n\u0131 i\u00e7erecektir.<\/p>\n","protected":false},"excerpt":{"rendered":"<p>Al\u0131\u015fveri\u015f ipu\u00e7lar\u0131, f\u0131rsatlar, haberler, moda ve modern ya\u015fam tarz\u0131 ihtiyac\u0131n\u0131z olan \u015fey. ByTheDots.com, Al\u0131\u015fveri\u015f ve Ya\u015fam Tarz\u0131 trendlerinin ak\u0131ll\u0131ca bulu\u015ftu\u011fu yerdir. Zor kazan\u0131lan paray\u0131 ak\u0131ll\u0131ca kullanarak modaya uygun olman\u0131n ne&hellip;<\/p>\n","protected":false},"author":1,"featured_media":0,"parent":0,"menu_order":0,"comment_status":"closed","ping_status":"closed","template":"","meta":{"footnotes":""},"class_list":["post-21","page","type-page","status-publish"],"_links":{"self":[{"href":"https:\/\/bythedots.com\/tr\/wp-json\/wp\/v2\/pages\/21","targetHints":{"allow":["GET"]}}],"collection":[{"href":"https:\/\/bythedots.com\/tr\/wp-json\/wp\/v2\/pages"}],"about":[{"href":"https:\/\/bythedots.com\/tr\/wp-json\/wp\/v2\/types\/page"}],"author":[{"embeddable":true,"href":"https:\/\/bythedots.com\/tr\/wp-json\/wp\/v2\/users\/1"}],"replies":[{"embeddable":true,"href":"https:\/\/bythedots.com\/tr\/wp-json\/wp\/v2\/comments?post=21"}],"version-history":[{"count":6,"href":"https:\/\/bythedots.com\/tr\/wp-json\/wp\/v2\/pages\/21\/revisions"}],"predecessor-version":[{"id":424,"href":"https:\/\/bythedots.com\/tr\/wp-json\/wp\/v2\/pages\/21\/revisions\/424"}],"wp:attachment":[{"href":"https:\/\/bythedots.com\/tr\/wp-json\/wp\/v2\/media?parent=21"}],"curies":[{"name":"wp","href":"https:\/\/api.w.org\/{rel}","templated":true}]}}